{"id":1437,"date":"2025-08-12T14:31:51","date_gmt":"2025-08-12T14:31:51","guid":{"rendered":"http:\/\/zespoltoon.pl\/blog\/?page_id=1437"},"modified":"2026-01-30T12:28:59","modified_gmt":"2026-01-30T12:28:59","slug":"stowarzyszenie-to-on","status":"publish","type":"page","link":"http:\/\/zespoltoon.pl\/blog\/stowarzyszenie-to-on\/","title":{"rendered":"Stowarzyszenie To ON"},"content":{"rendered":"<div data-colibri-id=\"1437-c1\" class=\"style-1425 style-local-1437-c1 position-relative\">\n  <!---->\n  <div data-colibri-component=\"section\" data-colibri-id=\"1437-c2\" id=\"overlappable\" class=\"h-section h-section-global-spacing d-flex align-items-lg-center align-items-md-center align-items-center style-1429 style-local-1437-c2 position-relative\">\n    <!---->\n    <!---->\n    <div class=\"h-section-grid-container h-section-boxed-container\">\n      <!---->\n      <div data-colibri-id=\"1437-c3\" class=\"h-row-container gutters-row-lg-2 gutters-row-md-2 gutters-row-2 gutters-row-v-lg-2 gutters-row-v-md-2 gutters-row-v-2 style-1430 style-local-1437-c3 position-relative\">\n        <!---->\n        <div class=\"h-row justify-content-lg-center justify-content-md-center justify-content-center align-items-lg-stretch align-items-md-stretch align-items-stretch gutters-col-lg-2 gutters-col-md-2 gutters-col-2 gutters-col-v-lg-2 gutters-col-v-md-2 gutters-col-v-2\">\n          <!---->\n          <div class=\"h-column h-column-container d-flex h-col-lg-4 h-col-md-4 h-col-12 style-1431-outer style-local-1437-c4-outer\">\n            <div data-colibri-id=\"1437-c4\" class=\"d-flex h-flex-basis h-column__inner h-px-lg-3 h-px-md-3 h-px-3 v-inner-lg-3 v-inner-md-3 v-inner-3 style-1431 style-local-1437-c4 position-relative\">\n              <!---->\n              <!---->\n              <div class=\"w-100 h-y-container h-column__content h-column__v-align flex-basis-100 align-self-lg-start align-self-md-start align-self-start\">\n                <!---->\n                <div data-colibri-id=\"1437-c5\" class=\"h-icon style-1432 style-local-1437-c5 position-relative h-element\">\n                  <!----><span class=\"h-svg-icon h-icon__icon style-1432-icon style-local-1437-c5-icon\"><!--Icon by Font Awesome (https:\/\/fontawesome.com)-->\n    <svg version=\"1.1\" xmlns=\"http:\/\/www.w3.org\/2000\/svg\" xmlns:xlink=\"http:\/\/www.w3.org\/1999\/xlink\" id=\"male\" viewBox=\"0 0 1177.3537 1896.0833\">\n      <path d=\"M1024 704v416q0 40-28 68t-68 28-68-28-28-68V768h-64v912q0 46-33 79t-79 33-79-33-33-79v-464h-64v464q0 46-33 79t-79 33-79-33-33-79V768h-64v352q0 40-28 68t-68 28-68-28-28-68V704q0-80 56-136t136-56h640q80 0 136 56t56 136zM736 256q0 93-65.5 158.5T512 480t-158.5-65.5T288 256t65.5-158.5T512 32t158.5 65.5T736 256z\"><\/path>\n    <\/svg><\/span><\/div>\n                <div data-colibri-id=\"1437-c6\" class=\"h-global-transition-all h-heading style-1433 style-local-1437-c6 position-relative h-element\">\n                  <!---->\n                  <div class=\"h-heading__outer style-1433 style-local-1437-c6\">\n                    <!---->\n                    <!---->\n                    <h4 class=\"\">W\u0142adze Stowarzyszenia<\/h4>\n                  <\/div>\n                <\/div>\n                <div data-colibri-id=\"1437-c7\" class=\"h-x-container style-1439 style-local-1437-c7 position-relative h-element\">\n                  <!---->\n                  <div class=\"h-x-container-inner style-dynamic-1437-c7-group style-1439-spacing style-local-1437-c7-spacing\"><span class=\"h-button__outer style-1440-outer style-local-1437-c8-outer d-inline-flex h-element\"><a h-use-smooth-scroll=\"true\" href=\"http:\/\/zespoltoon.pl\/blog\/wladze-stowarzyszenia\/\"  data-colibri-id=\"1437-c8\" class=\"d-flex w-100 align-items-center h-button justify-content-lg-center justify-content-md-center justify-content-center style-1440 style-local-1437-c8 position-relative\"><!----><!----> <span>Zobacz<\/span><\/a>\n                    <\/span>\n                  <\/div>\n                <\/div>\n              <\/div>\n            <\/div>\n          <\/div>\n          <div class=\"h-column h-column-container d-flex h-col-lg-4 h-col-md-4 h-col-12 style-1435-outer style-local-1437-c9-outer\">\n            <div data-colibri-id=\"1437-c9\" class=\"d-flex h-flex-basis h-column__inner h-px-lg-3 h-px-md-3 h-px-3 v-inner-lg-3 v-inner-md-3 v-inner-3 style-1435 style-local-1437-c9 position-relative\">\n              <!---->\n              <!---->\n              <div class=\"w-100 h-y-container h-column__content h-column__v-align flex-basis-100 align-self-lg-start align-self-md-start align-self-start\">\n                <!---->\n                <div data-colibri-id=\"1437-c10\" class=\"h-icon style-1436 style-local-1437-c10 position-relative h-element\">\n                  <!----><span class=\"h-svg-icon h-icon__icon style-1436-icon style-local-1437-c10-icon\"><!--Icon by Font Awesome (https:\/\/fontawesome.com)-->\n    <svg version=\"1.1\" xmlns=\"http:\/\/www.w3.org\/2000\/svg\" xmlns:xlink=\"http:\/\/www.w3.org\/1999\/xlink\" id=\"edit\" viewBox=\"0 0 1792 1896.0833\">\n      <path d=\"M888 1184l116-116-152-152-116 116v56h96v96h56zm440-720q-16-16-33 1L945 815q-17 17-1 33t33-1l350-350q17-17 1-33zm80 594v190q0 119-84.5 203.5T1120 1536H288q-119 0-203.5-84.5T0 1248V416q0-119 84.5-203.5T288 128h832q63 0 117 25 15 7 18 23 3 17-9 29l-49 49q-14 14-32 8-23-6-45-6H288q-66 0-113 47t-47 113v832q0 66 47 113t113 47h832q66 0 113-47t47-113v-126q0-13 9-22l64-64q15-15 35-7t20 29zm-96-738l288 288-672 672H640V992zm444 132l-92 92-288-288 92-92q28-28 68-28t68 28l152 152q28 28 28 68t-28 68z\"><\/path>\n    <\/svg><\/span><\/div>\n                <div data-colibri-id=\"1437-c11\" class=\"h-global-transition-all h-heading style-1433 style-local-1437-c11 position-relative h-element\">\n                  <!---->\n                  <div class=\"h-heading__outer style-1433 style-local-1437-c11\">\n                    <!---->\n                    <!---->\n                    <h4 class=\"\">Statut Stowarzyszenia<\/h4>\n                  <\/div>\n                <\/div>\n                <div data-colibri-id=\"1437-c12\" class=\"h-x-container style-1441 style-local-1437-c12 position-relative h-element\">\n                  <!---->\n                  <div class=\"h-x-container-inner style-dynamic-1437-c12-group style-1441-spacing style-local-1437-c12-spacing\"><span class=\"h-button__outer style-1442-outer style-local-1437-c13-outer d-inline-flex h-element\"><a h-use-smooth-scroll=\"true\" href=\"http:\/\/zespoltoon.pl\/blog\/wp-content\/uploads\/2026\/01\/Stowarzyszenie-To-ON-Statut.pdf\"  data-colibri-id=\"1437-c13\" class=\"d-flex w-100 align-items-center h-button justify-content-lg-center justify-content-md-center justify-content-center style-1442 style-local-1437-c13 position-relative\"><!----><!----> <span>Zobacz<\/span><\/a>\n                    <\/span>\n                  <\/div>\n                <\/div>\n              <\/div>\n            <\/div>\n          <\/div>\n          <div class=\"h-column h-column-container d-flex h-col-lg-4 h-col-md-4 h-col-12 style-1437-outer style-local-1437-c14-outer\">\n            <div data-colibri-id=\"1437-c14\" class=\"d-flex h-flex-basis h-column__inner h-px-lg-3 h-px-md-3 h-px-3 v-inner-lg-3 v-inner-md-3 v-inner-3 style-1437 style-local-1437-c14 position-relative\">\n              <!---->\n              <!---->\n              <div class=\"w-100 h-y-container h-column__content h-column__v-align flex-basis-100 align-self-lg-start align-self-md-start align-self-start\">\n                <!---->\n                <div data-colibri-id=\"1437-c15\" class=\"h-icon style-1438 style-local-1437-c15 position-relative h-element\">\n                  <!----><span class=\"h-svg-icon h-icon__icon style-1438-icon style-local-1437-c15-icon\"><!--Icon by Font Awesome (https:\/\/fontawesome.com)-->\n    <svg version=\"1.1\" xmlns=\"http:\/\/www.w3.org\/2000\/svg\" xmlns:xlink=\"http:\/\/www.w3.org\/1999\/xlink\" id=\"gear\" viewBox=\"0 0 1536 1896.0833\">\n      <path d=\"M1024 896q0-106-75-181t-181-75-181 75-75 181 75 181 181 75 181-75 75-181zm512-109v222q0 12-8 23t-20 13l-185 28q-19 54-39 91 35 50 107 138 10 12 10 25t-9 23q-27 37-99 108t-94 71q-12 0-26-9l-138-108q-44 23-91 38-16 136-29 186-7 28-36 28H657q-14 0-24.5-8.5T621 1634l-28-184q-49-16-90-37l-141 107q-10 9-25 9-14 0-25-11-126-114-165-168-7-10-7-23 0-12 8-23 15-21 51-66.5t54-70.5q-27-50-41-99l-183-27q-13-2-21-12.5T0 1005V783q0-12 8-23t19-13l186-28q14-46 39-92-40-57-107-138-10-12-10-24 0-10 9-23 26-36 98.5-107.5T337 263q13 0 26 10l138 107q44-23 91-38 16-136 29-186 7-28 36-28h222q14 0 24.5 8.5T915 158l28 184q49 16 90 37l142-107q9-9 24-9 13 0 25 10 129 119 165 170 7 8 7 22 0 12-8 23-15 21-51 66.5t-54 70.5q26 50 41 98l183 28q13 2 21 12.5t8 23.5z\"><\/path>\n    <\/svg><\/span><\/div>\n                <div data-colibri-id=\"1437-c16\" class=\"h-global-transition-all h-heading style-1433 style-local-1437-c16 position-relative h-element\">\n                  <!---->\n                  <div class=\"h-heading__outer style-1433 style-local-1437-c16\">\n                    <!---->\n                    <!---->\n                    <h4 class=\"\">Dzia\u0142alno\u015b\u0107 Stowarzyszenia<\/h4>\n                  <\/div>\n                <\/div>\n                <div data-colibri-id=\"1437-c17\" class=\"h-x-container style-1443 style-local-1437-c17 position-relative h-element\">\n                  <!---->\n                  <div class=\"h-x-container-inner style-dynamic-1437-c17-group style-1443-spacing style-local-1437-c17-spacing\"><span class=\"h-button__outer style-1444-outer style-local-1437-c18-outer d-inline-flex h-element\"><a h-use-smooth-scroll=\"true\" href=\"http:\/\/zespoltoon.pl\/blog\/dzialalnosc-stowarzyszenia\/\"  data-colibri-id=\"1437-c18\" class=\"d-flex w-100 align-items-center h-button justify-content-lg-center justify-content-md-center justify-content-center style-1444 style-local-1437-c18 position-relative\"><!----><!----> <span>Zobacz<\/span><\/a>\n                    <\/span>\n                  <\/div>\n                <\/div>\n              <\/div>\n            <\/div>\n          <\/div>\n        <\/div>\n      <\/div>\n    <\/div>\n  <\/div>\n  <div data-colibri-component=\"section\" data-colibri-id=\"1437-c19\" id=\"contact\" class=\"h-section h-section-global-spacing d-flex align-items-lg-center align-items-md-center align-items-center style-1445 style-local-1437-c19 position-relative\">\n    <!---->\n    <!---->\n    <div class=\"h-section-grid-container h-section-boxed-container\">\n      <!---->\n      <div data-colibri-id=\"1437-c20\" class=\"h-row-container gutters-row-lg-2 gutters-row-md-2 gutters-row-0 gutters-row-v-lg-2 gutters-row-v-md-2 gutters-row-v-2 style-1457 style-local-1437-c20 position-relative\">\n        <!---->\n        <div class=\"h-row justify-content-lg-center justify-content-md-center justify-content-center align-items-lg-stretch align-items-md-stretch align-items-stretch gutters-col-lg-2 gutters-col-md-2 gutters-col-0 gutters-col-v-lg-2 gutters-col-v-md-2 gutters-col-v-2\">\n          <!---->\n          <div class=\"h-column h-column-container d-flex h-col-lg-auto h-col-md-auto h-col-auto style-1458-outer style-local-1437-c21-outer\">\n            <div data-colibri-id=\"1437-c21\" class=\"d-flex h-flex-basis h-column__inner h-px-lg-2 h-px-md-2 h-px-2 v-inner-lg-2 v-inner-md-2 v-inner-2 style-1458 style-local-1437-c21 position-relative\">\n              <!---->\n              <!---->\n              <div class=\"w-100 h-y-container h-column__content h-column__v-align flex-basis-100 align-self-lg-start align-self-md-start align-self-start\">\n                <!---->\n                <div data-colibri-id=\"1437-c22\" class=\"h-global-transition-all h-heading style-1459 style-local-1437-c22 position-relative h-element\">\n                  <!---->\n                  <div class=\"h-heading__outer style-1459 style-local-1437-c22\">\n                    <!---->\n                    <!---->\n                    <h1 class=\"\">Stowarzyszenie To ON<\/h1>\n                  <\/div>\n                <\/div>\n              <\/div>\n            <\/div>\n          <\/div>\n        <\/div>\n      <\/div>\n      <div data-colibri-id=\"1437-c23\" class=\"h-row-container gutters-row-lg-2 gutters-row-md-2 gutters-row-2 gutters-row-v-lg-2 gutters-row-v-md-2 gutters-row-v-2 style-1446 style-local-1437-c23 position-relative\">\n        <!---->\n        <div class=\"h-row justify-content-lg-center justify-content-md-center justify-content-center align-items-lg-stretch align-items-md-stretch align-items-stretch gutters-col-lg-2 gutters-col-md-2 gutters-col-2 gutters-col-v-lg-2 gutters-col-v-md-2 gutters-col-v-2\">\n          <!---->\n          <div class=\"h-column h-column-container d-flex h-col-lg-4 h-col-md-3 h-col-12 style-1447-outer style-local-1437-c24-outer\">\n            <div data-colibri-id=\"1437-c24\" class=\"d-flex h-flex-basis h-column__inner h-px-lg-0 h-px-md-0 h-px-0 v-inner-lg-0 v-inner-md-0 v-inner-0 style-1447 style-local-1437-c24 position-relative\">\n              <!---->\n              <!---->\n              <div class=\"w-100 h-y-container h-column__content h-column__v-align flex-basis-100 align-self-lg-start align-self-md-start align-self-start\">\n                <!---->\n                <div data-colibri-id=\"1437-c25\" class=\"h-icon style-1448 style-local-1437-c25 position-relative h-element\">\n                  <!----><span class=\"h-svg-icon h-icon__icon style-1448-icon style-local-1437-c25-icon\"><!--Icon by Icons8 Line Awesome (https:\/\/icons8.com\/line-awesome)--><svg version=\"1.1\" xmlns=\"http:\/\/www.w3.org\/2000\/svg\" xmlns:xlink=\"http:\/\/www.w3.org\/1999\/xlink\" id=\"map-marker\" viewBox=\"0 0 512 545.5\"><path d=\"M256 80c79.336 0 144 64.664 144 144 0 22.5-9.116 48.313-21.5 76.5s-28.314 58.098-44.5 86C301.628 442.306 269 489 269 489l-13 19-13-19s-32.628-46.694-65-102.5c-16.186-27.902-32.116-57.813-44.5-86S112 246.5 112 224c0-79.336 64.664-144 144-144zm0 32c-62.04 0-112 49.96-112 112 0 12.844 6.884 37.06 18.5 63.5s27.686 55.738 43.5 83c25.155 43.364 40.74 66.3 50 80 9.26-13.7 24.845-36.636 50-80 15.815-27.262 31.884-56.56 43.5-83S368 236.844 368 224c0-62.04-49.96-112-112-112zm0 80c17.673 0 32 14.327 32 32s-14.327 32-32 32-32-14.327-32-32 14.327-32 32-32z\"><\/path><\/svg><\/span><\/div>\n                <div\n                  data-colibri-id=\"1437-c26\" class=\"h-global-transition-all h-heading style-1449 style-local-1437-c26 position-relative h-element\">\n                  <!---->\n                  <div class=\"h-heading__outer style-1449 style-local-1437-c26\">\n                    <!---->\n                    <!---->\n                    <h4 class=\"\">Adres<\/h4>\n                  <\/div>\n              <\/div>\n              <div data-colibri-id=\"1437-c27\" class=\"h-divider style-1450 style-local-1437-c27 position-relative h-element\">\n                <!----><span class=\"h-divider__line style-1450-line style-local-1437-c27-line style-1450-line style-local-1437-c27-line\"><\/span><\/div>\n              <div data-colibri-id=\"1437-c28\" class=\"h-text h-text-component style-1451 style-local-1437-c28 position-relative h-element\">\n                <!---->\n                <!---->\n                <div class=\"\">\n                  <p>ul. Weso\u0142a 54<\/p>\n                <\/div>\n              <\/div>\n              <div data-colibri-id=\"1437-c29\" class=\"h-text h-text-component style-1452 style-local-1437-c29 position-relative h-element\">\n                <!---->\n                <!---->\n                <div class=\"\">\n                  <p>25-353 Kielce<\/p>\n                <\/div>\n              <\/div>\n            <\/div>\n          <\/div>\n        <\/div>\n        <div class=\"h-column h-column-container d-flex h-col-lg-4 h-col-md-3 h-col-12 style-1447-outer style-local-1437-c30-outer\">\n          <div data-colibri-id=\"1437-c30\" class=\"d-flex h-flex-basis h-column__inner h-px-lg-0 h-px-md-0 h-px-0 v-inner-lg-0 v-inner-md-0 v-inner-0 style-1447 style-local-1437-c30 position-relative\">\n            <!---->\n            <!---->\n            <div class=\"w-100 h-y-container h-column__content h-column__v-align flex-basis-100 align-self-lg-start align-self-md-start align-self-start\">\n              <!---->\n              <div data-colibri-id=\"1437-c31\" class=\"h-icon style-1448 style-local-1437-c31 position-relative h-element\">\n                <!----><span class=\"h-svg-icon h-icon__icon style-1448-icon style-local-1437-c31-icon\"><!--Icon by Icons8 Line Awesome (https:\/\/icons8.com\/line-awesome)--><svg version=\"1.1\" xmlns=\"http:\/\/www.w3.org\/2000\/svg\" xmlns:xlink=\"http:\/\/www.w3.org\/1999\/xlink\" id=\"map-marker\" viewBox=\"0 0 512 545.5\"><path d=\"M256 80c79.336 0 144 64.664 144 144 0 22.5-9.116 48.313-21.5 76.5s-28.314 58.098-44.5 86C301.628 442.306 269 489 269 489l-13 19-13-19s-32.628-46.694-65-102.5c-16.186-27.902-32.116-57.813-44.5-86S112 246.5 112 224c0-79.336 64.664-144 144-144zm0 32c-62.04 0-112 49.96-112 112 0 12.844 6.884 37.06 18.5 63.5s27.686 55.738 43.5 83c25.155 43.364 40.74 66.3 50 80 9.26-13.7 24.845-36.636 50-80 15.815-27.262 31.884-56.56 43.5-83S368 236.844 368 224c0-62.04-49.96-112-112-112zm0 80c17.673 0 32 14.327 32 32s-14.327 32-32 32-32-14.327-32-32 14.327-32 32-32z\"><\/path><\/svg><\/span><\/div>\n              <div\n                data-colibri-id=\"1437-c32\" class=\"h-global-transition-all h-heading style-1449 style-local-1437-c32 position-relative h-element\">\n                <!---->\n                <div class=\"h-heading__outer style-1449 style-local-1437-c32\">\n                  <!---->\n                  <!---->\n                  <h4 class=\"\">Prezes Stowarzyszenia<\/h4>\n                <\/div>\n            <\/div>\n            <div data-colibri-id=\"1437-c33\" class=\"h-divider style-1450 style-local-1437-c33 position-relative h-element\">\n              <!----><span class=\"h-divider__line style-1450-line style-local-1437-c33-line style-1450-line style-local-1437-c33-line\"><\/span><\/div>\n            <div data-colibri-id=\"1437-c34\" class=\"h-text h-text-component style-1451 style-local-1437-c34 position-relative h-element\">\n              <!---->\n              <!---->\n              <div class=\"\">\n                <p>Dariusz Jakubczyk<\/p>\n              <\/div>\n            <\/div>\n            <div data-colibri-id=\"1437-c35\" class=\"h-text h-text-component style-1452 style-local-1437-c35 position-relative h-element\">\n              <!---->\n              <!---->\n              <div class=\"\">\n                <p><span style=\"color: rgb(77, 45, 2); font-family: &quot;Open Sans&quot;; font-size: 16px; font-weight: 400;\">d.jakubczyk@zespoltoon.pl<\/span><\/p>\n              <\/div>\n            <\/div>\n            <div data-colibri-id=\"1437-c36\" class=\"h-text h-text-component style-1461 style-local-1437-c36 position-relative h-element\">\n              <!---->\n              <!---->\n              <div class=\"\">\n                <p><span style=\"font-weight: 400; font-size: 16px; font-family: &quot;Open Sans&quot;; color: rgb(77, 45, 2);\">\ufefftel. + 48 730 852 929<\/span><\/p>\n              <\/div>\n            <\/div>\n          <\/div>\n        <\/div>\n      <\/div>\n      <div class=\"h-column h-column-container d-flex h-col-lg-4 h-col-md-3 h-col-12 style-1447-outer style-local-1437-c37-outer\">\n        <div data-colibri-id=\"1437-c37\" class=\"d-flex h-flex-basis h-column__inner h-px-lg-0 h-px-md-0 h-px-0 v-inner-lg-0 v-inner-md-0 v-inner-0 style-1447 style-local-1437-c37 position-relative\">\n          <!---->\n          <!---->\n          <div class=\"w-100 h-y-container h-column__content h-column__v-align flex-basis-100 align-self-lg-start align-self-md-start align-self-start\">\n            <!---->\n            <div data-colibri-id=\"1437-c38\" class=\"h-icon style-1448 style-local-1437-c38 position-relative h-element\">\n              <!----><span class=\"h-svg-icon h-icon__icon style-1448-icon style-local-1437-c38-icon\"><!--Icon by Icons8 Line Awesome (https:\/\/icons8.com\/line-awesome)--><svg version=\"1.1\" xmlns=\"http:\/\/www.w3.org\/2000\/svg\" xmlns:xlink=\"http:\/\/www.w3.org\/1999\/xlink\" id=\"envelope\" viewBox=\"0 0 512 545.5\"><path d=\"M48 160h416v288H48V160zm69 32l139 92.5L395 192H117zm-37 14v210h352V206L265 317.5l-9 5.5-9-5.5z\"><\/path><\/svg><\/span><\/div>\n            <div\n              data-colibri-id=\"1437-c39\" class=\"h-global-transition-all h-heading style-1449 style-local-1437-c39 position-relative h-element\">\n              <!---->\n              <div class=\"h-heading__outer style-1449 style-local-1437-c39\">\n                <!---->\n                <!---->\n                <h4 class=\"\">Dane<\/h4>\n              <\/div>\n          <\/div>\n          <div data-colibri-id=\"1437-c40\" class=\"h-divider style-1450 style-local-1437-c40 position-relative h-element\">\n            <!----><span class=\"h-divider__line style-1450-line style-local-1437-c40-line style-1450-line style-local-1437-c40-line\"><\/span><\/div>\n          <div data-colibri-id=\"1437-c41\" class=\"h-text h-text-component style-1451 style-local-1437-c41 position-relative h-element\">\n            <!---->\n            <!---->\n            <div class=\"\">\n              <p><strong style=\"font-size: 16px; font-family: &quot;Open Sans&quot;; color: rgb(77, 45, 2);\">NIP:<\/strong><span style=\"font-size: 16px; font-family: &quot;Open Sans&quot;; color: rgb(77, 45, 2); font-weight: 400;\">&nbsp;657 299 96 34<\/span><\/p>\n            <\/div>\n          <\/div>\n          <div data-colibri-id=\"1437-c42\" class=\"h-text h-text-component style-1453 style-local-1437-c42 position-relative h-element\">\n            <!---->\n            <!---->\n            <div class=\"\">\n              <p><strong style=\"font-size: 16px; font-family: &quot;Open Sans&quot;; color: rgb(77, 45, 2);\">REGON:<\/strong><span style=\"font-size: 16px; font-family: &quot;Open Sans&quot;; color: rgb(77, 45, 2); font-weight: 400;\">&nbsp;542247726<\/span><\/p>\n            <\/div>\n          <\/div>\n          <div data-colibri-id=\"1437-c43\" class=\"h-text h-text-component style-1460 style-local-1437-c43 position-relative h-element\">\n            <!---->\n            <!---->\n            <div class=\"\">\n              <p><strong style=\"font-size: 16px; font-family: &quot;Open Sans&quot;; color: rgb(77, 45, 2);\">KRS:<\/strong><span style=\"font-size: 16px; font-family: &quot;Open Sans&quot;; color: rgb(77, 45, 2); font-weight: 400;\">&nbsp;0001183504<\/span><\/p>\n            <\/div>\n          <\/div>\n        <\/div>\n      <\/div>\n    <\/div>\n  <\/div>\n<\/div>\n<\/div>\n<\/div>\n<\/div>","protected":false},"excerpt":{"rendered":"<p>W\u0142adze Stowarzyszenia Zobacz Statut Stowarzyszenia Zobacz Dzia\u0142alno\u015b\u0107 Stowarzyszenia Zobacz Stowarzyszenie To ON Adres ul. Weso\u0142a 54 25-353 Kielce Prezes Stowarzyszenia Dariusz Jakubczyk d.jakubczyk@zespoltoon.pl \ufefftel. + 48 730 852 929 Dane NIP:&nbsp;657 299 96 34 REGON:&nbsp;542247726 KRS:&nbsp;0001183504<\/p>\n","protected":false},"author":1,"featured_media":0,"parent":0,"menu_order":0,"comment_status":"closed","ping_status":"closed","template":"page-templates\/full-width-page.php","meta":{"_exactmetrics_skip_tracking":false,"_exactmetrics_sitenote_active":false,"_exactmetrics_sitenote_note":"","_exactmetrics_sitenote_category":0,"footnotes":""},"class_list":["post-1437","page","type-page","status-publish","hentry"],"aioseo_notices":[],"_links":{"self":[{"href":"http:\/\/zespoltoon.pl\/blog\/wp-json\/wp\/v2\/pages\/1437","targetHints":{"allow":["GET"]}}],"collection":[{"href":"http:\/\/zespoltoon.pl\/blog\/wp-json\/wp\/v2\/pages"}],"about":[{"href":"http:\/\/zespoltoon.pl\/blog\/wp-json\/wp\/v2\/types\/page"}],"author":[{"embeddable":true,"href":"http:\/\/zespoltoon.pl\/blog\/wp-json\/wp\/v2\/users\/1"}],"replies":[{"embeddable":true,"href":"http:\/\/zespoltoon.pl\/blog\/wp-json\/wp\/v2\/comments?post=1437"}],"version-history":[{"count":3,"href":"http:\/\/zespoltoon.pl\/blog\/wp-json\/wp\/v2\/pages\/1437\/revisions"}],"predecessor-version":[{"id":3038,"href":"http:\/\/zespoltoon.pl\/blog\/wp-json\/wp\/v2\/pages\/1437\/revisions\/3038"}],"wp:attachment":[{"href":"http:\/\/zespoltoon.pl\/blog\/wp-json\/wp\/v2\/media?parent=1437"}],"curies":[{"name":"wp","href":"https:\/\/api.w.org\/{rel}","templated":true}]}}