{"id":1511,"date":"2025-09-03T08:15:59","date_gmt":"2025-09-03T08:15:59","guid":{"rendered":"http:\/\/zespoltoon.pl\/blog\/?page_id=1511"},"modified":"2026-01-23T12:00:41","modified_gmt":"2026-01-23T12:00:41","slug":"dzialalnosc-stowarzyszenia","status":"publish","type":"page","link":"http:\/\/zespoltoon.pl\/blog\/dzialalnosc-stowarzyszenia\/","title":{"rendered":"Dzia\u0142alno\u015b\u0107 stowarzyszenia"},"content":{"rendered":"<div data-colibri-id=\"1511-c1\" class=\"style-648 style-local-1511-c1 position-relative\">\n  <!---->\n  <div data-colibri-component=\"section\" data-colibri-id=\"1511-c2\" id=\"overlappable\" class=\"h-section h-section-global-spacing d-flex align-items-lg-center align-items-md-center align-items-center style-649 style-local-1511-c2 position-relative\">\n    <!---->\n    <!---->\n    <div class=\"h-section-grid-container h-section-boxed-container\">\n      <!---->\n      <div data-colibri-id=\"1511-c3\" class=\"h-row-container gutters-row-lg-0 gutters-row-md-0 gutters-row-2 gutters-row-v-lg-0 gutters-row-v-md-0 gutters-row-v-2 style-650 style-local-1511-c3 position-relative\">\n        <!---->\n        <div class=\"h-row justify-content-lg-center justify-content-md-center justify-content-center align-items-lg-stretch align-items-md-stretch align-items-stretch gutters-col-lg-0 gutters-col-md-0 gutters-col-2 gutters-col-v-lg-0 gutters-col-v-md-0 gutters-col-v-2\">\n          <!---->\n          <div class=\"h-column h-column-container d-flex h-col-lg-6 h-col-md-6 h-col-12 style-651-outer style-local-1511-c4-outer\">\n            <div data-colibri-id=\"1511-c4\" class=\"d-flex h-flex-basis h-column__inner h-px-lg-3 h-px-md-3 h-px-2 v-inner-lg-3 v-inner-md-3 v-inner-2 style-651 style-local-1511-c4 position-relative\">\n              <!---->\n              <!---->\n              <div class=\"w-100 h-y-container h-column__content h-column__v-align flex-basis-100 align-self-lg-center align-self-md-center align-self-center\">\n                <!---->\n                <div data-colibri-id=\"1511-c5\" class=\"h-icon style-652 style-local-1511-c5 position-relative h-element\">\n                  <!----><span class=\"h-svg-icon h-icon__icon style-652-icon style-local-1511-c5-icon\"><!--Icon by Font Awesome (https:\/\/fontawesome.com)-->\n    <svg version=\"1.1\" xmlns=\"http:\/\/www.w3.org\/2000\/svg\" xmlns:xlink=\"http:\/\/www.w3.org\/1999\/xlink\" id=\"paper-plane\" viewBox=\"0 0 1792.0013 1896.0833\">\n      <path d=\"M1764 11q33 24 27 64l-256 1536q-5 29-32 45-14 8-31 8-11 0-24-5l-453-185-242 295q-18 23-49 23-13 0-22-4-19-7-30.5-23.5T640 1728v-349l864-1059-1069 925-395-162q-37-14-40-55-2-40 32-59L1696 9q15-9 32-9 20 0 36 11z\"><\/path>\n    <\/svg><\/span><\/div>\n                <div data-colibri-id=\"1511-c6\" class=\"h-global-transition-all h-heading style-653 style-local-1511-c6 position-relative h-element\">\n                  <!---->\n                  <div class=\"h-heading__outer style-653 style-local-1511-c6\">\n                    <!---->\n                    <!---->\n                    <h5 class=\"\">projekty zrealizowane<\/h5>\n                  <\/div>\n                <\/div>\n                <div data-colibri-id=\"1511-c7\" class=\"h-x-container style-656 style-local-1511-c7 position-relative h-element\">\n                  <!---->\n                  <div class=\"h-x-container-inner style-dynamic-1511-c7-group style-656-spacing style-local-1511-c7-spacing\"><span class=\"h-button__outer style-657-outer style-local-1511-c8-outer d-inline-flex h-element\"><a h-use-smooth-scroll=\"true\" href=\"http:\/\/zespoltoon.pl\/blog\/projekty-zrealizowane\/\"  data-colibri-id=\"1511-c8\" class=\"d-flex w-100 align-items-center h-button justify-content-lg-center justify-content-md-center justify-content-center style-657 style-local-1511-c8 position-relative\"><!----><!----> <span>zobacz<\/span><\/a>\n                    <\/span>\n                  <\/div>\n                <\/div>\n              <\/div>\n            <\/div>\n          <\/div>\n          <div class=\"h-column h-column-container d-flex h-col-lg-6 h-col-md-6 h-col-12 style-651-outer style-local-1511-c9-outer\">\n            <div data-colibri-id=\"1511-c9\" class=\"d-flex h-flex-basis h-column__inner h-px-lg-3 h-px-md-3 h-px-2 v-inner-lg-3 v-inner-md-3 v-inner-2 style-651 style-local-1511-c9 position-relative\">\n              <!---->\n              <!---->\n              <div class=\"w-100 h-y-container h-column__content h-column__v-align flex-basis-100 align-self-lg-center align-self-md-center align-self-center\">\n                <!---->\n                <div data-colibri-id=\"1511-c10\" class=\"h-icon style-652 style-local-1511-c10 position-relative h-element\">\n                  <!----><span class=\"h-svg-icon h-icon__icon style-652-icon style-local-1511-c10-icon\"><!--Icon by Icons8 Line Awesome (https:\/\/icons8.com\/line-awesome)--><svg version=\"1.1\" xmlns=\"http:\/\/www.w3.org\/2000\/svg\" xmlns:xlink=\"http:\/\/www.w3.org\/1999\/xlink\" id=\"cubes\" viewBox=\"0 0 512 545.5\"><path d=\"M256 96l6 2.5 96 38.5 10 4v107.5l86.5 37.5 9.5 4.5v129l-8 5-96 53.5-7.5 4-7.5-3.5-89-44.5-89 44.5-7.5 3.5-7.5-4-96-53.5-8-5v-129l9.5-4.5 86.5-37.5V141l10-4 96-38.5zm0 35l-52.5 20.5L256 172l52.5-20.5zm-80 44v74l64 28.5v-78zm160 0l-64 24.5v78l64-28.5v-74zM160 277l-58 25 58 29 58-28.5zm192 0l-40 17.5-18 8 58 28.5 58-29zM80 326.5V401l64 36v-78.5zm352 0l-64 32V437l64-36v-74.5zm-192 1l-64 31V438l64-32v-78.5zm32 0V406l64 32v-79.5z\"><\/path><\/svg><\/span><\/div>\n                <div\n                  data-colibri-id=\"1511-c11\" class=\"h-global-transition-all h-heading style-653 style-local-1511-c11 position-relative h-element\">\n                  <!---->\n                  <div class=\"h-heading__outer style-653 style-local-1511-c11\">\n                    <!---->\n                    <!---->\n                    <h5 class=\"\">projekty w trakcie realizacji<\/h5>\n                  <\/div>\n              <\/div>\n              <div data-colibri-id=\"1511-c12\" class=\"h-x-container style-658 style-local-1511-c12 position-relative h-element\">\n                <!---->\n                <div class=\"h-x-container-inner style-dynamic-1511-c12-group style-658-spacing style-local-1511-c12-spacing\"><span class=\"h-button__outer style-659-outer style-local-1511-c13-outer d-inline-flex h-element\"><a h-use-smooth-scroll=\"true\" href=\"http:\/\/zespoltoon.pl\/blog\/projekty-w-trakcie-realizacji\/\"  data-colibri-id=\"1511-c13\" class=\"d-flex w-100 align-items-center h-button justify-content-lg-center justify-content-md-center justify-content-center style-659 style-local-1511-c13 position-relative\"><!----><!----> <span>zobacz<\/span><\/a>\n                  <\/span>\n                <\/div>\n              <\/div>\n            <\/div>\n          <\/div>\n        <\/div>\n      <\/div>\n    <\/div>\n  <\/div>\n<\/div>\n<\/div>","protected":false},"excerpt":{"rendered":"<p>projekty zrealizowane zobacz projekty w trakcie realizacji zobacz<\/p>\n","protected":false},"author":1,"featured_media":0,"parent":0,"menu_order":0,"comment_status":"closed","ping_status":"closed","template":"page-templates\/full-width-page.php","meta":{"_exactmetrics_skip_tracking":false,"_exactmetrics_sitenote_active":false,"_exactmetrics_sitenote_note":"","_exactmetrics_sitenote_category":0,"footnotes":""},"class_list":["post-1511","page","type-page","status-publish","hentry"],"aioseo_notices":[],"_links":{"self":[{"href":"http:\/\/zespoltoon.pl\/blog\/wp-json\/wp\/v2\/pages\/1511","targetHints":{"allow":["GET"]}}],"collection":[{"href":"http:\/\/zespoltoon.pl\/blog\/wp-json\/wp\/v2\/pages"}],"about":[{"href":"http:\/\/zespoltoon.pl\/blog\/wp-json\/wp\/v2\/types\/page"}],"author":[{"embeddable":true,"href":"http:\/\/zespoltoon.pl\/blog\/wp-json\/wp\/v2\/users\/1"}],"replies":[{"embeddable":true,"href":"http:\/\/zespoltoon.pl\/blog\/wp-json\/wp\/v2\/comments?post=1511"}],"version-history":[{"count":7,"href":"http:\/\/zespoltoon.pl\/blog\/wp-json\/wp\/v2\/pages\/1511\/revisions"}],"predecessor-version":[{"id":2293,"href":"http:\/\/zespoltoon.pl\/blog\/wp-json\/wp\/v2\/pages\/1511\/revisions\/2293"}],"wp:attachment":[{"href":"http:\/\/zespoltoon.pl\/blog\/wp-json\/wp\/v2\/media?parent=1511"}],"curies":[{"name":"wp","href":"https:\/\/api.w.org\/{rel}","templated":true}]}}