{"id":1594,"date":"2025-09-03T09:04:51","date_gmt":"2025-09-03T09:04:51","guid":{"rendered":"http:\/\/zespoltoon.pl\/blog\/?page_id=1594"},"modified":"2025-09-03T09:31:47","modified_gmt":"2025-09-03T09:31:47","slug":"pokaz-4-sezonu-serialu-the-chosen","status":"publish","type":"page","link":"http:\/\/zespoltoon.pl\/blog\/pokaz-4-sezonu-serialu-the-chosen\/","title":{"rendered":"Pokaz 4. sezonu serialu The Chosen"},"content":{"rendered":"<div data-colibri-id=\"1594-c1\" class=\"style-729 style-local-1594-c1 position-relative\">\n  <!---->\n  <div data-colibri-component=\"section\" data-colibri-id=\"1594-c2\" id=\"custom\" class=\"h-section h-section-global-spacing d-flex align-items-lg-center align-items-md-center align-items-center style-734 style-local-1594-c2 position-relative\">\n    <!---->\n    <!---->\n    <div class=\"h-section-grid-container h-section-boxed-container\">\n      <!---->\n      <div data-colibri-id=\"1594-c12\" class=\"h-row-container gutters-row-lg-2 gutters-row-md-2 gutters-row-0 gutters-row-v-lg-2 gutters-row-v-md-2 gutters-row-v-2 style-751 style-local-1594-c12 position-relative\">\n        <!---->\n        <div class=\"h-row justify-content-lg-center justify-content-md-center justify-content-center align-items-lg-stretch align-items-md-stretch align-items-stretch gutters-col-lg-2 gutters-col-md-2 gutters-col-0 gutters-col-v-lg-2 gutters-col-v-md-2 gutters-col-v-2\">\n          <!---->\n          <div class=\"h-column h-column-container d-flex h-col-lg-auto h-col-md-auto h-col-auto style-752-outer style-local-1594-c13-outer\">\n            <div data-colibri-id=\"1594-c13\" class=\"d-flex h-flex-basis h-column__inner h-px-lg-2 h-px-md-2 h-px-2 v-inner-lg-2 v-inner-md-2 v-inner-2 style-752 style-local-1594-c13 position-relative\">\n              <!---->\n              <!---->\n              <div class=\"w-100 h-y-container h-column__content h-column__v-align flex-basis-100 align-self-lg-start align-self-md-start align-self-start\">\n                <!---->\n                <div data-colibri-id=\"1594-c14\" class=\"h-global-transition-all h-heading style-753 style-local-1594-c14 position-relative h-element\">\n                  <!---->\n                  <div class=\"h-heading__outer style-753 style-local-1594-c14\">\n                    <!---->\n                    <!---->\n                    <h4 class=\"\">Wsp\u00f3\u0142organizacja, wraz z \u201eThe Chosen Polska\u201d i \u201eStowarzyszeniem Dwa Przymierza\u201d pokazu 4. sezonu serialu \u201eThe Chosen\u201d oraz realizacja uwielbienia na zako\u0144czenie pokazu<\/h4>\n                  <\/div>\n                <\/div>\n              <\/div>\n            <\/div>\n          <\/div>\n        <\/div>\n      <\/div>\n      <div data-colibri-id=\"1594-c3\" class=\"h-row-container gutters-row-lg-2 gutters-row-md-2 gutters-row-0 gutters-row-v-lg-2 gutters-row-v-md-2 gutters-row-v-2 style-741 style-local-1594-c3 position-relative\">\n        <!---->\n        <div class=\"h-row justify-content-lg-center justify-content-md-center justify-content-center align-items-lg-stretch align-items-md-stretch align-items-stretch gutters-col-lg-2 gutters-col-md-2 gutters-col-0 gutters-col-v-lg-2 gutters-col-v-md-2 gutters-col-v-2\">\n          <!---->\n          <div class=\"h-column h-column-container d-flex h-col-lg-auto h-col-md-auto h-col-auto style-742-outer style-local-1594-c4-outer\">\n            <div data-colibri-id=\"1594-c4\" class=\"d-flex h-flex-basis h-column__inner h-px-lg-2 h-px-md-2 h-px-2 v-inner-lg-2 v-inner-md-2 v-inner-2 style-742 style-local-1594-c4 position-relative\">\n              <!---->\n              <!---->\n              <div class=\"w-100 h-y-container h-column__content h-column__v-align flex-basis-100 align-self-lg-start align-self-md-start align-self-start\">\n                <!---->\n                <div data-colibri-id=\"1594-c5\" class=\"h-text h-text-component style-743 style-local-1594-c5 position-relative h-element\">\n                  <!---->\n                  <!---->\n                  <div class=\"\">\n                    <p>www.emkielce.pl &#8211; The Chosen w kieleckim Parku Miejskim. Przyjd\u017a na seans:&nbsp;\n                      <a href=\"https:\/\/emkielce.pl\/kosciol\/the-chosen-w-kieleckim-parku-miejskim-przyjdz-na-seans\" class=\"customize-unpreviewable\">Zobacz<\/a>\n                    <\/p>\n                    <p>www.emkielce.pl &#8211; Patrycja Osman: Zapraszamy na kino letnie z serialem \u201eThe Chosen\u201d:\n                      <a href=\"https:\/\/emkielce.pl\/miasto\/patrycja-osman-zapraszamy-na-kino-letnie-z-serialem-the-chosen\" class=\"customize-unpreviewable\">Zobacz<\/a>\n                    <\/p>\n                    <p>www.emkielce.pl &#8211;&nbsp;Seans \u201eThe Chosen\u201d i koncert zespo\u0142u \u201eTo On\u201d:\n                      <a href=\"https:\/\/emkielce.pl\/kosciol\/seans-the-chosen-i-koncert-zespolu-to-on\" class=\"customize-unpreviewable\">Zobacz<\/a>\n                    <\/p>\n                    <p>www.kielce.tvp.pl &#8211;&nbsp;&#8222;The Chosen&#8221;.Realistyczny serial o \u017cyciu Jezusa i aposto\u0142\u00f3w w kinie letnim w kieleckim parku:\n                      <a href=\"https:\/\/kielce.tvp.pl\/88336325\/the-chosenrealistyczny-serial-o-zyciu-jezusa-i-apostolow-w-kinie-letnim-w-kieleckim-parku\"\n                        class=\"customize-unpreviewable\">Zobacz<\/a>\n                    <\/p>\n                    <p>www.radiofama.com.pl &#8211;&nbsp;The Chosen. Serialowy hit na du\u017cym ekranie w Kielcach:\n                      <a href=\"https:\/\/radiofama.com.pl\/aktualnosci\/the-chosen-serialowy-hit-na-duzym-ekranie-w-kielcach\" class=\"customize-unpreviewable\">Zobacz<\/a>\n                    <\/p>\n                  <\/div>\n                <\/div>\n              <\/div>\n            <\/div>\n          <\/div>\n        <\/div>\n      <\/div>\n      <div data-colibri-id=\"1594-c6\" class=\"h-row-container gutters-row-lg-2 gutters-row-md-2 gutters-row-0 gutters-row-v-lg-2 gutters-row-v-md-2 gutters-row-v-2 style-746 style-local-1594-c6 position-relative\">\n        <!---->\n        <div class=\"h-row justify-content-lg-center justify-content-md-center justify-content-center align-items-lg-stretch align-items-md-stretch align-items-stretch gutters-col-lg-2 gutters-col-md-2 gutters-col-0 gutters-col-v-lg-2 gutters-col-v-md-2 gutters-col-v-2\">\n          <!---->\n          <div class=\"h-column h-column-container d-flex h-col-lg-auto h-col-md-auto h-col-auto style-747-outer style-local-1594-c7-outer\">\n            <div data-colibri-id=\"1594-c7\" class=\"d-flex h-flex-basis h-column__inner h-px-lg-2 h-px-md-2 h-px-2 v-inner-lg-2 v-inner-md-2 v-inner-2 style-747 style-local-1594-c7 position-relative\">\n              <!---->\n              <!---->\n              <div class=\"w-100 h-y-container h-column__content h-column__v-align flex-basis-100 align-self-lg-start align-self-md-start align-self-start\">\n                <!---->\n                <div data-colibri-id=\"1594-c8\" class=\"style-750 style-local-1594-c8 position-relative h-element\">\n                  <!---->\n                  <div class=\"\">\n                    <iframe loading=\"lazy\" width=\"560\" height=\"315\" src=\"https:\/\/www.youtube.com\/embed\/jH53gLGVv98?si=f_a-Ivwqf4B3h90p\" title=\"YouTube video player\" frameborder=\"0\" allow=\"accelerometer; autoplay; clipboard-write; encrypted-media; gyroscope; picture-in-picture; web-share\"\n                      referrerpolicy=\"strict-origin-when-cross-origin\" allowfullscreen=\"\"><\/iframe>\n                  <\/div>\n                <\/div>\n              <\/div>\n            <\/div>\n          <\/div>\n        <\/div>\n      <\/div>\n      <div data-colibri-id=\"1594-c9\" class=\"h-row-container gutters-row-lg-2 gutters-row-md-2 gutters-row-0 gutters-row-v-lg-2 gutters-row-v-md-2 gutters-row-v-2 style-735 style-local-1594-c9 position-relative\">\n        <!---->\n        <div class=\"h-row justify-content-lg-center justify-content-md-center justify-content-center align-items-lg-stretch align-items-md-stretch align-items-stretch gutters-col-lg-2 gutters-col-md-2 gutters-col-0 gutters-col-v-lg-2 gutters-col-v-md-2 gutters-col-v-2\">\n          <!---->\n          <div class=\"h-column h-column-container d-flex h-col-lg-auto h-col-md-auto h-col-auto style-736-outer style-local-1594-c10-outer\">\n            <div data-colibri-id=\"1594-c10\" class=\"d-flex h-flex-basis h-column__inner h-px-lg-2 h-px-md-2 h-px-2 v-inner-lg-2 v-inner-md-2 v-inner-2 style-736 style-local-1594-c10 position-relative\">\n              <!---->\n              <!---->\n              <div class=\"w-100 h-y-container h-column__content h-column__v-align flex-basis-100 align-self-lg-start align-self-md-start align-self-start\">\n                <!---->\n                <div data-colibri-id=\"1594-c11\" class=\"d-block style-737 style-local-1594-c11 position-relative h-element\">\n                  <!---->\n                  <div class=\"h-image__frame-container-outer\">\n                    <div class=\"h-image__frame-container\">\n                      <!---->\n                      <!---->\n                      <img loading=\"lazy\" decoding=\"async\" width=\"1413\" height=\"2000\" src=\"http:\/\/zespoltoon.pl\/blog\/wp-content\/uploads\/2025\/09\/cropped-531615577_1296664102305916_5081422867074402048_n-1.jpg\" class=\"wp-image-1597 style-737-image style-local-1594-c11-image\" alt=\"\" srcset=\"http:\/\/zespoltoon.pl\/blog\/wp-content\/uploads\/2025\/09\/cropped-531615577_1296664102305916_5081422867074402048_n-1.jpg 1413w, http:\/\/zespoltoon.pl\/blog\/wp-content\/uploads\/2025\/09\/cropped-531615577_1296664102305916_5081422867074402048_n-1-212x300.jpg 212w, http:\/\/zespoltoon.pl\/blog\/wp-content\/uploads\/2025\/09\/cropped-531615577_1296664102305916_5081422867074402048_n-1-723x1024.jpg 723w, http:\/\/zespoltoon.pl\/blog\/wp-content\/uploads\/2025\/09\/cropped-531615577_1296664102305916_5081422867074402048_n-1-768x1087.jpg 768w, http:\/\/zespoltoon.pl\/blog\/wp-content\/uploads\/2025\/09\/cropped-531615577_1296664102305916_5081422867074402048_n-1-1085x1536.jpg 1085w\" sizes=\"auto, (max-width: 1413px) 100vw, 1413px\" \/>\n                      <div class=\"h-image__frame h-hide-lg h-hide-md h-hide-sm style-737-frameImage style-local-1594-c11-frameImage\"><\/div>\n                    <\/div>\n                  <\/div>\n                <\/div>\n              <\/div>\n            <\/div>\n          <\/div>\n        <\/div>\n      <\/div>\n    <\/div>\n  <\/div>\n<\/div>","protected":false},"excerpt":{"rendered":"<p>Wsp\u00f3\u0142organizacja, wraz z \u201eThe Chosen Polska\u201d i \u201eStowarzyszeniem Dwa Przymierza\u201d pokazu 4. sezonu serialu \u201eThe Chosen\u201d oraz realizacja uwielbienia na zako\u0144czenie pokazu www.emkielce.pl &#8211; The Chosen w kieleckim Parku Miejskim. Przyjd\u017a na seans:&nbsp; Zobacz www.emkielce.pl &#8211; Patrycja Osman: Zapraszamy na kino letnie z serialem \u201eThe Chosen\u201d: Zobacz www.emkielce.pl &#8211;&nbsp;Seans \u201eThe Chosen\u201d i koncert zespo\u0142u \u201eTo [&hellip;]<\/p>\n","protected":false},"author":1,"featured_media":0,"parent":0,"menu_order":0,"comment_status":"closed","ping_status":"closed","template":"page-templates\/full-width-page.php","meta":{"_exactmetrics_skip_tracking":false,"_exactmetrics_sitenote_active":false,"_exactmetrics_sitenote_note":"","_exactmetrics_sitenote_category":0,"footnotes":""},"class_list":["post-1594","page","type-page","status-publish","hentry"],"aioseo_notices":[],"_links":{"self":[{"href":"http:\/\/zespoltoon.pl\/blog\/wp-json\/wp\/v2\/pages\/1594","targetHints":{"allow":["GET"]}}],"collection":[{"href":"http:\/\/zespoltoon.pl\/blog\/wp-json\/wp\/v2\/pages"}],"about":[{"href":"http:\/\/zespoltoon.pl\/blog\/wp-json\/wp\/v2\/types\/page"}],"author":[{"embeddable":true,"href":"http:\/\/zespoltoon.pl\/blog\/wp-json\/wp\/v2\/users\/1"}],"replies":[{"embeddable":true,"href":"http:\/\/zespoltoon.pl\/blog\/wp-json\/wp\/v2\/comments?post=1594"}],"version-history":[{"count":9,"href":"http:\/\/zespoltoon.pl\/blog\/wp-json\/wp\/v2\/pages\/1594\/revisions"}],"predecessor-version":[{"id":1663,"href":"http:\/\/zespoltoon.pl\/blog\/wp-json\/wp\/v2\/pages\/1594\/revisions\/1663"}],"wp:attachment":[{"href":"http:\/\/zespoltoon.pl\/blog\/wp-json\/wp\/v2\/media?parent=1594"}],"curies":[{"name":"wp","href":"https:\/\/api.w.org\/{rel}","templated":true}]}}