{"id":2378,"date":"2026-01-27T08:15:53","date_gmt":"2026-01-27T08:15:53","guid":{"rendered":"http:\/\/zespoltoon.pl\/blog\/?page_id=2378"},"modified":"2026-01-27T08:15:53","modified_gmt":"2026-01-27T08:15:53","slug":"dzialalnosc-przed-zalozeniem-stowarzyszenia-do-2025","status":"publish","type":"page","link":"http:\/\/zespoltoon.pl\/blog\/dzialalnosc-przed-zalozeniem-stowarzyszenia-do-2025\/","title":{"rendered":"Dzia\u0142alno\u015b\u0107 przed za\u0142o\u017ceniem Stowarzyszenia (do 2025)"},"content":{"rendered":"","protected":false},"excerpt":{"rendered":"","protected":false},"author":1,"featured_media":0,"parent":0,"menu_order":0,"comment_status":"closed","ping_status":"closed","template":"","meta":{"_exactmetrics_skip_tracking":false,"_exactmetrics_sitenote_active":false,"_exactmetrics_sitenote_note":"","_exactmetrics_sitenote_category":0,"footnotes":""},"class_list":["post-2378","page","type-page","status-publish","hentry"],"aioseo_notices":[],"_links":{"self":[{"href":"http:\/\/zespoltoon.pl\/blog\/wp-json\/wp\/v2\/pages\/2378","targetHints":{"allow":["GET"]}}],"collection":[{"href":"http:\/\/zespoltoon.pl\/blog\/wp-json\/wp\/v2\/pages"}],"about":[{"href":"http:\/\/zespoltoon.pl\/blog\/wp-json\/wp\/v2\/types\/page"}],"author":[{"embeddable":true,"href":"http:\/\/zespoltoon.pl\/blog\/wp-json\/wp\/v2\/users\/1"}],"replies":[{"embeddable":true,"href":"http:\/\/zespoltoon.pl\/blog\/wp-json\/wp\/v2\/comments?post=2378"}],"version-history":[{"count":1,"href":"http:\/\/zespoltoon.pl\/blog\/wp-json\/wp\/v2\/pages\/2378\/revisions"}],"predecessor-version":[{"id":2379,"href":"http:\/\/zespoltoon.pl\/blog\/wp-json\/wp\/v2\/pages\/2378\/revisions\/2379"}],"wp:attachment":[{"href":"http:\/\/zespoltoon.pl\/blog\/wp-json\/wp\/v2\/media?parent=2378"}],"curies":[{"name":"wp","href":"https:\/\/api.w.org\/{rel}","templated":true}]}}