{"id":2455,"date":"2026-01-28T07:47:42","date_gmt":"2026-01-28T07:47:42","guid":{"rendered":"http:\/\/zespoltoon.pl\/blog\/?page_id=2455"},"modified":"2026-01-29T07:47:41","modified_gmt":"2026-01-29T07:47:41","slug":"dytyramb-dla-mej-jedynej","status":"publish","type":"page","link":"http:\/\/zespoltoon.pl\/blog\/dytyramb-dla-mej-jedynej\/","title":{"rendered":"&#8222;Dytyramb dla mej jedynej&#8221;"},"content":{"rendered":"<div data-colibri-id=\"2455-c1\" class=\"style-1342 style-local-2455-c1 position-relative\">\n  <!---->\n  <div data-colibri-component=\"section\" data-colibri-id=\"2455-c2\" id=\"initial-content\" class=\"h-section h-section-global-spacing d-flex align-items-lg-center align-items-md-center align-items-center style-1343 style-local-2455-c2 position-relative\">\n    <!---->\n    <!---->\n    <div class=\"h-section-grid-container h-section-boxed-container\">\n      <!---->\n      <div data-colibri-id=\"2455-c3\" class=\"h-row-container gutters-row-lg-2 gutters-row-md-2 gutters-row-0 gutters-row-v-lg-2 gutters-row-v-md-2 gutters-row-v-2 style-1347 style-local-2455-c3 position-relative\">\n        <!---->\n        <div class=\"h-row justify-content-lg-center justify-content-md-center justify-content-center align-items-lg-stretch align-items-md-stretch align-items-stretch gutters-col-lg-2 gutters-col-md-2 gutters-col-0 gutters-col-v-lg-2 gutters-col-v-md-2 gutters-col-v-2\">\n          <!---->\n          <div class=\"h-column h-column-container d-flex h-col-lg-auto h-col-md-auto h-col-auto style-1348-outer style-local-2455-c4-outer\">\n            <div data-colibri-id=\"2455-c4\" class=\"d-flex h-flex-basis h-column__inner h-px-lg-2 h-px-md-2 h-px-2 v-inner-lg-2 v-inner-md-2 v-inner-2 style-1348 style-local-2455-c4 position-relative\">\n              <!---->\n              <!---->\n              <div class=\"w-100 h-y-container h-column__content h-column__v-align flex-basis-100 align-self-lg-start align-self-md-start align-self-start\">\n                <!---->\n                <div data-colibri-id=\"2455-c5\" class=\"h-text h-text-component style-1349 style-local-2455-c5 position-relative h-element\">\n                  <!---->\n                  <!---->\n                  <div class=\"\">\n                    <p>Sk\u0142ad, \u0142amanie, projekt ok\u0142adki i wsparcie Gminnego O\u015brodka Kultury Sportu i Rekreacji w Paw\u0142owie w wydaniu ksi\u0105\u017cki Bogus\u0142awa Sitka&nbsp;<strong>\u201eDytyramb dla mej jedynej\u201d<\/strong>.<\/p>\n                    <p>Promocja ksi\u0105\u017cki odby\u0142a si\u0119 w Gminnym O\u015brodku Kultury, Sportu i Rekreacji w Paw\u0142owie 28 wrze\u015bnia 2025 r.<\/p>\n                  <\/div>\n                <\/div>\n                <div data-colibri-id=\"2455-c6\" class=\"d-block style-1350 style-local-2455-c6 position-relative h-element\">\n                  <!---->\n                  <div class=\"h-image__frame-container-outer\">\n                    <div class=\"h-image__frame-container\">\n                      <!---->\n                      <!---->\n                      <img loading=\"lazy\" decoding=\"async\" width=\"2559\" height=\"1920\" src=\"http:\/\/zespoltoon.pl\/blog\/wp-content\/uploads\/2026\/01\/cropped-IMG_2550-scaled-2.jpg\" class=\"wp-image-2742 style-1350-image style-local-2455-c6-image\" alt=\"\" srcset=\"http:\/\/zespoltoon.pl\/blog\/wp-content\/uploads\/2026\/01\/cropped-IMG_2550-scaled-2.jpg 2559w, http:\/\/zespoltoon.pl\/blog\/wp-content\/uploads\/2026\/01\/cropped-IMG_2550-scaled-2-300x225.jpg 300w, http:\/\/zespoltoon.pl\/blog\/wp-content\/uploads\/2026\/01\/cropped-IMG_2550-scaled-2-1024x768.jpg 1024w, http:\/\/zespoltoon.pl\/blog\/wp-content\/uploads\/2026\/01\/cropped-IMG_2550-scaled-2-768x576.jpg 768w, http:\/\/zespoltoon.pl\/blog\/wp-content\/uploads\/2026\/01\/cropped-IMG_2550-scaled-2-1536x1152.jpg 1536w, http:\/\/zespoltoon.pl\/blog\/wp-content\/uploads\/2026\/01\/cropped-IMG_2550-scaled-2-2048x1537.jpg 2048w\" sizes=\"auto, (max-width: 2559px) 100vw, 2559px\" \/>\n                      <div class=\"h-image__frame h-hide-lg h-hide-md h-hide-sm style-1350-frameImage style-local-2455-c6-frameImage\"><\/div>\n                    <\/div>\n                  <\/div>\n                <\/div>\n              <\/div>\n            <\/div>\n          <\/div>\n        <\/div>\n      <\/div>\n      <div data-colibri-id=\"2455-c7\" class=\"h-row-container gutters-row-lg-2 gutters-row-md-2 gutters-row-0 gutters-row-v-lg-2 gutters-row-v-md-2 gutters-row-v-2 style-1351 style-local-2455-c7 position-relative\">\n        <!---->\n        <div class=\"h-row justify-content-lg-center justify-content-md-center justify-content-center align-items-lg-stretch align-items-md-stretch align-items-stretch gutters-col-lg-2 gutters-col-md-2 gutters-col-0 gutters-col-v-lg-2 gutters-col-v-md-2 gutters-col-v-2\">\n          <!---->\n          <div class=\"h-column h-column-container d-flex h-col-lg-auto h-col-md-auto h-col-auto style-1352-outer style-local-2455-c8-outer\">\n            <div data-colibri-id=\"2455-c8\" class=\"d-flex h-flex-basis h-column__inner h-px-lg-2 h-px-md-2 h-px-2 v-inner-lg-2 v-inner-md-2 v-inner-2 style-1352 style-local-2455-c8 position-relative\">\n              <!---->\n              <!---->\n              <div class=\"w-100 h-y-container h-column__content h-column__v-align flex-basis-100 align-self-lg-start align-self-md-start align-self-start\">\n                <!---->\n                <div data-colibri-id=\"2455-c9\" class=\"d-block style-1353 style-local-2455-c9 position-relative h-element\">\n                  <!---->\n                  <div class=\"h-image__frame-container-outer\">\n                    <div class=\"h-image__frame-container\">\n                      <!---->\n                      <!---->\n                      <img loading=\"lazy\" decoding=\"async\" width=\"2558\" height=\"1920\" src=\"http:\/\/zespoltoon.pl\/blog\/wp-content\/uploads\/2026\/01\/cropped-IMG_2551-scaled-1.jpg\" class=\"wp-image-2744 style-1353-image style-local-2455-c9-image\" alt=\"\" srcset=\"http:\/\/zespoltoon.pl\/blog\/wp-content\/uploads\/2026\/01\/cropped-IMG_2551-scaled-1.jpg 2558w, http:\/\/zespoltoon.pl\/blog\/wp-content\/uploads\/2026\/01\/cropped-IMG_2551-scaled-1-300x225.jpg 300w, http:\/\/zespoltoon.pl\/blog\/wp-content\/uploads\/2026\/01\/cropped-IMG_2551-scaled-1-1024x769.jpg 1024w, http:\/\/zespoltoon.pl\/blog\/wp-content\/uploads\/2026\/01\/cropped-IMG_2551-scaled-1-768x576.jpg 768w, http:\/\/zespoltoon.pl\/blog\/wp-content\/uploads\/2026\/01\/cropped-IMG_2551-scaled-1-1536x1153.jpg 1536w, http:\/\/zespoltoon.pl\/blog\/wp-content\/uploads\/2026\/01\/cropped-IMG_2551-scaled-1-2048x1537.jpg 2048w\" sizes=\"auto, (max-width: 2558px) 100vw, 2558px\" \/>\n                      <div class=\"h-image__frame h-hide-lg h-hide-md h-hide-sm style-1353-frameImage style-local-2455-c9-frameImage\"><\/div>\n                    <\/div>\n                  <\/div>\n                <\/div>\n              <\/div>\n            <\/div>\n          <\/div>\n        <\/div>\n      <\/div>\n    <\/div>\n  <\/div>\n<\/div>","protected":false},"excerpt":{"rendered":"<p>Sk\u0142ad, \u0142amanie, projekt ok\u0142adki i wsparcie Gminnego O\u015brodka Kultury Sportu i Rekreacji w Paw\u0142owie w wydaniu ksi\u0105\u017cki Bogus\u0142awa Sitka&nbsp;\u201eDytyramb dla mej jedynej\u201d. Promocja ksi\u0105\u017cki odby\u0142a si\u0119 w Gminnym O\u015brodku Kultury, Sportu i Rekreacji w Paw\u0142owie 28 wrze\u015bnia 2025 r.<\/p>\n","protected":false},"author":1,"featured_media":0,"parent":0,"menu_order":0,"comment_status":"closed","ping_status":"closed","template":"page-templates\/full-width-page.php","meta":{"_exactmetrics_skip_tracking":false,"_exactmetrics_sitenote_active":false,"_exactmetrics_sitenote_note":"","_exactmetrics_sitenote_category":0,"footnotes":""},"class_list":["post-2455","page","type-page","status-publish","hentry"],"aioseo_notices":[],"_links":{"self":[{"href":"http:\/\/zespoltoon.pl\/blog\/wp-json\/wp\/v2\/pages\/2455","targetHints":{"allow":["GET"]}}],"collection":[{"href":"http:\/\/zespoltoon.pl\/blog\/wp-json\/wp\/v2\/pages"}],"about":[{"href":"http:\/\/zespoltoon.pl\/blog\/wp-json\/wp\/v2\/types\/page"}],"author":[{"embeddable":true,"href":"http:\/\/zespoltoon.pl\/blog\/wp-json\/wp\/v2\/users\/1"}],"replies":[{"embeddable":true,"href":"http:\/\/zespoltoon.pl\/blog\/wp-json\/wp\/v2\/comments?post=2455"}],"version-history":[{"count":3,"href":"http:\/\/zespoltoon.pl\/blog\/wp-json\/wp\/v2\/pages\/2455\/revisions"}],"predecessor-version":[{"id":2784,"href":"http:\/\/zespoltoon.pl\/blog\/wp-json\/wp\/v2\/pages\/2455\/revisions\/2784"}],"wp:attachment":[{"href":"http:\/\/zespoltoon.pl\/blog\/wp-json\/wp\/v2\/media?parent=2455"}],"curies":[{"name":"wp","href":"https:\/\/api.w.org\/{rel}","templated":true}]}}