{"id":2470,"date":"2026-01-28T07:53:27","date_gmt":"2026-01-28T07:53:27","guid":{"rendered":"http:\/\/zespoltoon.pl\/blog\/?page_id=2470"},"modified":"2026-01-28T07:58:28","modified_gmt":"2026-01-28T07:58:28","slug":"rodzinny-piknik-profilaktyczny-w-szerzawach","status":"publish","type":"page","link":"http:\/\/zespoltoon.pl\/blog\/rodzinny-piknik-profilaktyczny-w-szerzawach\/","title":{"rendered":"Rodzinny Piknik Profilaktyczny w Szerzawach"},"content":{"rendered":"<div data-colibri-id=\"2470-c1\" class=\"style-1201 style-local-2470-c1 position-relative\">\n  <!---->\n  <div data-colibri-component=\"section\" data-colibri-id=\"2470-c6\" id=\"custom\" class=\"h-section h-section-global-spacing d-flex align-items-lg-center align-items-md-center align-items-center style-1206 style-local-2470-c6 position-relative\">\n    <!---->\n    <!---->\n    <div class=\"h-section-grid-container h-section-boxed-container\">\n      <!---->\n      <div data-colibri-id=\"2470-c9\" class=\"h-row-container gutters-row-lg-2 gutters-row-md-2 gutters-row-0 gutters-row-v-lg-2 gutters-row-v-md-2 gutters-row-v-2 style-1209 style-local-2470-c9 position-relative\">\n        <!---->\n        <div class=\"h-row justify-content-lg-center justify-content-md-center justify-content-center align-items-lg-stretch align-items-md-stretch align-items-stretch gutters-col-lg-2 gutters-col-md-2 gutters-col-0 gutters-col-v-lg-2 gutters-col-v-md-2 gutters-col-v-2\">\n          <!---->\n          <div class=\"h-column h-column-container d-flex h-col-lg-auto h-col-md-auto h-col-auto style-1210-outer style-local-2470-c10-outer\">\n            <div data-colibri-id=\"2470-c10\" class=\"d-flex h-flex-basis h-column__inner h-px-lg-2 h-px-md-2 h-px-2 v-inner-lg-2 v-inner-md-2 v-inner-2 style-1210 style-local-2470-c10 position-relative\">\n              <!---->\n              <!---->\n              <div class=\"w-100 h-y-container h-column__content h-column__v-align flex-basis-100 align-self-lg-start align-self-md-start align-self-start\">\n                <!---->\n                <div data-colibri-id=\"2470-c11\" class=\"h-text h-text-component style-1211 style-local-2470-c11 position-relative h-element\">\n                  <!---->\n                  <!---->\n                  <div class=\"\">\n                    <p>Realizacja d\u017awi\u0119ku oraz techniki podczas wydarzenia \u201cRodzinny piknik profilaktyczny\u201d organizowanego przez Ko\u0142o Gospody\u0144 Wiejskich \u201eSzarotka\u201d w Szerzawach. Wydarzenie mia\u0142o charakter profilaktyczny, promowa\u0142o \u017cycie wolne od alkoholu,\n                      integracj\u0119 spo\u0142eczno\u015bci lokalnej&nbsp;i wsp\u00f3lne sp\u0119dzanie czasu na \u015bwie\u017cym powietrzu.<\/p>\n                    <p>Podczas pikniku odby\u0142a si\u0119 licytacja dla dziewczynki chorej na zesp\u00f3\u0142 retta &#8211; Wiktorii K\u0119pa.<\/p>\n                    <p>Wydarzenie odby\u0142o si\u0119 23 sierpnia 2025 r.<\/p>\n                    <p>Wi\u0119cej: <\/p>\n                    <p>www.starachowicka.pl &#8211;&nbsp;Festyn rodzinny w Szerzawach pe\u0142en atrakcji i wsp\u00f3lnej zabawy:&nbsp;<\/p>\n                  <\/div>\n                <\/div>\n                <div data-colibri-id=\"2470-c12\" class=\"h-x-container style-1212 style-local-2470-c12 position-relative h-element\">\n                  <!---->\n                  <div class=\"h-x-container-inner style-dynamic-2470-c12-group style-1212-spacing style-local-2470-c12-spacing\"><span class=\"h-link__outer style-1213-outer style-local-2470-c13-outer d-inline-flex h-element\"><a h-use-smooth-scroll=\"true\" href=\"https:\/\/starachowicka.pl\/informacje\/aktualnosci\/festyn-rodzinny-w-szerzawach-pelen-atrakcji-i-wspolnej-zabawy\/#lightbox-gallery-1\/6\/\"  data-colibri-id=\"2470-c13\" class=\"d-flex w-100 align-items-center h-link style-1213 style-local-2470-c13 position-relative\"><!----><!----> <span>Zobacz<\/span><\/a>\n                    <\/span>\n                  <\/div>\n                <\/div>\n              <\/div>\n            <\/div>\n          <\/div>\n        <\/div>\n      <\/div>\n      <div data-colibri-id=\"2470-c7\" class=\"h-row-container gutters-row-lg-2 gutters-row-md-2 gutters-row-0 gutters-row-v-lg-2 gutters-row-v-md-2 gutters-row-v-2 style-1207 style-local-2470-c7 position-relative\">\n        <!---->\n        <div class=\"h-row justify-content-lg-center justify-content-md-center justify-content-center align-items-lg-stretch align-items-md-stretch align-items-stretch gutters-col-lg-2 gutters-col-md-2 gutters-col-0 gutters-col-v-lg-2 gutters-col-v-md-2 gutters-col-v-2\">\n          <!---->\n          <div class=\"h-column h-column-container d-flex h-col-lg-auto h-col-md-auto h-col-auto style-1208-outer style-local-2470-c8-outer\">\n            <div data-colibri-id=\"2470-c8\" class=\"d-flex h-flex-basis h-column__inner h-px-lg-2 h-px-md-2 h-px-2 v-inner-lg-2 v-inner-md-2 v-inner-2 style-1208 style-local-2470-c8 position-relative\">\n              <!---->\n              <!---->\n              <div class=\"w-100 h-y-container h-column__content h-column__v-align flex-basis-100 align-self-lg-start align-self-md-start align-self-start\">\n                <!---->\n                <div data-colibri-id=\"2470-c14\" class=\"d-block style-1214 style-local-2470-c14 position-relative h-element\">\n                  <!---->\n                  <div class=\"h-image__frame-container-outer\">\n                    <div class=\"h-image__frame-container\">\n                      <!---->\n                      <!---->\n                      <img loading=\"lazy\" decoding=\"async\" width=\"300\" height=\"300\" src=\"http:\/\/zespoltoon.pl\/blog\/wp-content\/uploads\/2025\/09\/cropped-cropped-Projekt-bez-nazwy-4-2.png\" class=\"wp-image-2473 style-1214-image style-local-2470-c14-image\" alt=\"\" srcset=\"http:\/\/zespoltoon.pl\/blog\/wp-content\/uploads\/2025\/09\/cropped-cropped-Projekt-bez-nazwy-4-2.png 300w, http:\/\/zespoltoon.pl\/blog\/wp-content\/uploads\/2025\/09\/cropped-cropped-Projekt-bez-nazwy-4-2-150x150.png 150w\" sizes=\"auto, (max-width: 300px) 100vw, 300px\" \/>\n                      <div class=\"h-image__frame h-hide-lg h-hide-md h-hide-sm style-1214-frameImage style-local-2470-c14-frameImage\"><\/div>\n                    <\/div>\n                  <\/div>\n                <\/div>\n              <\/div>\n            <\/div>\n          <\/div>\n        <\/div>\n      <\/div>\n    <\/div>\n  <\/div>\n<\/div>","protected":false},"excerpt":{"rendered":"<p>Realizacja d\u017awi\u0119ku oraz techniki podczas wydarzenia \u201cRodzinny piknik profilaktyczny\u201d organizowanego przez Ko\u0142o Gospody\u0144 Wiejskich \u201eSzarotka\u201d w Szerzawach. Wydarzenie mia\u0142o charakter profilaktyczny, promowa\u0142o \u017cycie wolne od alkoholu, integracj\u0119 spo\u0142eczno\u015bci lokalnej&nbsp;i wsp\u00f3lne sp\u0119dzanie czasu na \u015bwie\u017cym powietrzu. Podczas pikniku odby\u0142a si\u0119 licytacja dla dziewczynki chorej na zesp\u00f3\u0142 retta &#8211; Wiktorii K\u0119pa. Wydarzenie odby\u0142o si\u0119 23 sierpnia 2025 [&hellip;]<\/p>\n","protected":false},"author":1,"featured_media":0,"parent":0,"menu_order":0,"comment_status":"closed","ping_status":"closed","template":"page-templates\/full-width-page.php","meta":{"_exactmetrics_skip_tracking":false,"_exactmetrics_sitenote_active":false,"_exactmetrics_sitenote_note":"","_exactmetrics_sitenote_category":0,"footnotes":""},"class_list":["post-2470","page","type-page","status-publish","hentry"],"aioseo_notices":[],"_links":{"self":[{"href":"http:\/\/zespoltoon.pl\/blog\/wp-json\/wp\/v2\/pages\/2470","targetHints":{"allow":["GET"]}}],"collection":[{"href":"http:\/\/zespoltoon.pl\/blog\/wp-json\/wp\/v2\/pages"}],"about":[{"href":"http:\/\/zespoltoon.pl\/blog\/wp-json\/wp\/v2\/types\/page"}],"author":[{"embeddable":true,"href":"http:\/\/zespoltoon.pl\/blog\/wp-json\/wp\/v2\/users\/1"}],"replies":[{"embeddable":true,"href":"http:\/\/zespoltoon.pl\/blog\/wp-json\/wp\/v2\/comments?post=2470"}],"version-history":[{"count":2,"href":"http:\/\/zespoltoon.pl\/blog\/wp-json\/wp\/v2\/pages\/2470\/revisions"}],"predecessor-version":[{"id":2475,"href":"http:\/\/zespoltoon.pl\/blog\/wp-json\/wp\/v2\/pages\/2470\/revisions\/2475"}],"wp:attachment":[{"href":"http:\/\/zespoltoon.pl\/blog\/wp-json\/wp\/v2\/media?parent=2470"}],"curies":[{"name":"wp","href":"https:\/\/api.w.org\/{rel}","templated":true}]}}