{"id":2490,"date":"2026-01-28T08:10:31","date_gmt":"2026-01-28T08:10:31","guid":{"rendered":"http:\/\/zespoltoon.pl\/blog\/?page_id=2490"},"modified":"2026-01-28T08:13:13","modified_gmt":"2026-01-28T08:13:13","slug":"charytatywny-piknik-parafialny-w-miechowie","status":"publish","type":"page","link":"http:\/\/zespoltoon.pl\/blog\/charytatywny-piknik-parafialny-w-miechowie\/","title":{"rendered":"Charytatywny Piknik Parafialny w Miechowie"},"content":{"rendered":"<div data-colibri-id=\"2490-c1\" class=\"style-1215 style-local-2490-c1 position-relative\">\n  <!---->\n  <div data-colibri-component=\"section\" data-colibri-id=\"2490-c6\" id=\"custom\" class=\"h-section h-section-global-spacing d-flex align-items-lg-center align-items-md-center align-items-center style-1220 style-local-2490-c6 position-relative\">\n    <!---->\n    <!---->\n    <div class=\"h-section-grid-container h-section-boxed-container\">\n      <!---->\n      <div data-colibri-id=\"2490-c7\" class=\"h-row-container gutters-row-lg-2 gutters-row-md-2 gutters-row-0 gutters-row-v-lg-2 gutters-row-v-md-2 gutters-row-v-2 style-1221 style-local-2490-c7 position-relative\">\n        <!---->\n        <div class=\"h-row justify-content-lg-center justify-content-md-center justify-content-center align-items-lg-stretch align-items-md-stretch align-items-stretch gutters-col-lg-2 gutters-col-md-2 gutters-col-0 gutters-col-v-lg-2 gutters-col-v-md-2 gutters-col-v-2\">\n          <!---->\n          <div class=\"h-column h-column-container d-flex h-col-lg-auto h-col-md-auto h-col-auto style-1222-outer style-local-2490-c8-outer\">\n            <div data-colibri-id=\"2490-c8\" class=\"d-flex h-flex-basis h-column__inner h-px-lg-2 h-px-md-2 h-px-2 v-inner-lg-2 v-inner-md-2 v-inner-2 style-1222 style-local-2490-c8 position-relative\">\n              <!---->\n              <!---->\n              <div class=\"w-100 h-y-container h-column__content h-column__v-align flex-basis-100 align-self-lg-start align-self-md-start align-self-start\">\n                <!---->\n                <div data-colibri-id=\"2490-c9\" class=\"h-text h-text-component style-1223 style-local-2490-c9 position-relative h-element\">\n                  <!---->\n                  <!---->\n                  <div class=\"\">\n                    <p>Realizacja d\u017awi\u0119ku i techniki sceny podczas charytatywnego pikniku parafialnego &#8211; dnia wsparcia dla Hospicjum Dzieci\u0119cego z Kielc, w ogrodach parafialnych Bazyliki Grobu Bo\u017cego w Miechowie.<\/p>\n                    <p><strong>7 wrze\u015bnia 2025 r.<\/strong><\/p>\n                  <\/div>\n                <\/div>\n                <div data-colibri-id=\"2490-c10\" class=\"d-block style-1224 style-local-2490-c10 position-relative h-element\">\n                  <!---->\n                  <div class=\"h-image__frame-container-outer\">\n                    <div class=\"h-image__frame-container\">\n                      <!---->\n                      <!---->\n                      <img loading=\"lazy\" decoding=\"async\" width=\"1447\" height=\"2048\" src=\"http:\/\/zespoltoon.pl\/blog\/wp-content\/uploads\/2026\/01\/cropped-544968533_1108087154797283_5278337679315926582_n-1.jpg\" class=\"wp-image-2499 style-1224-image style-local-2490-c10-image\" alt=\"\" srcset=\"http:\/\/zespoltoon.pl\/blog\/wp-content\/uploads\/2026\/01\/cropped-544968533_1108087154797283_5278337679315926582_n-1.jpg 1447w, http:\/\/zespoltoon.pl\/blog\/wp-content\/uploads\/2026\/01\/cropped-544968533_1108087154797283_5278337679315926582_n-1-212x300.jpg 212w, http:\/\/zespoltoon.pl\/blog\/wp-content\/uploads\/2026\/01\/cropped-544968533_1108087154797283_5278337679315926582_n-1-724x1024.jpg 724w, http:\/\/zespoltoon.pl\/blog\/wp-content\/uploads\/2026\/01\/cropped-544968533_1108087154797283_5278337679315926582_n-1-768x1087.jpg 768w, http:\/\/zespoltoon.pl\/blog\/wp-content\/uploads\/2026\/01\/cropped-544968533_1108087154797283_5278337679315926582_n-1-1085x1536.jpg 1085w\" sizes=\"auto, (max-width: 1447px) 100vw, 1447px\" \/>\n                      <div class=\"h-image__frame h-hide-lg h-hide-md h-hide-sm style-1224-frameImage style-local-2490-c10-frameImage\"><\/div>\n                    <\/div>\n                  <\/div>\n                <\/div>\n              <\/div>\n            <\/div>\n          <\/div>\n        <\/div>\n      <\/div>\n    <\/div>\n  <\/div>\n<\/div>","protected":false},"excerpt":{"rendered":"<p>Realizacja d\u017awi\u0119ku i techniki sceny podczas charytatywnego pikniku parafialnego &#8211; dnia wsparcia dla Hospicjum Dzieci\u0119cego z Kielc, w ogrodach parafialnych Bazyliki Grobu Bo\u017cego w Miechowie. 7 wrze\u015bnia 2025 r.<\/p>\n","protected":false},"author":1,"featured_media":0,"parent":0,"menu_order":0,"comment_status":"closed","ping_status":"closed","template":"page-templates\/full-width-page.php","meta":{"_exactmetrics_skip_tracking":false,"_exactmetrics_sitenote_active":false,"_exactmetrics_sitenote_note":"","_exactmetrics_sitenote_category":0,"footnotes":""},"class_list":["post-2490","page","type-page","status-publish","hentry"],"aioseo_notices":[],"_links":{"self":[{"href":"http:\/\/zespoltoon.pl\/blog\/wp-json\/wp\/v2\/pages\/2490","targetHints":{"allow":["GET"]}}],"collection":[{"href":"http:\/\/zespoltoon.pl\/blog\/wp-json\/wp\/v2\/pages"}],"about":[{"href":"http:\/\/zespoltoon.pl\/blog\/wp-json\/wp\/v2\/types\/page"}],"author":[{"embeddable":true,"href":"http:\/\/zespoltoon.pl\/blog\/wp-json\/wp\/v2\/users\/1"}],"replies":[{"embeddable":true,"href":"http:\/\/zespoltoon.pl\/blog\/wp-json\/wp\/v2\/comments?post=2490"}],"version-history":[{"count":2,"href":"http:\/\/zespoltoon.pl\/blog\/wp-json\/wp\/v2\/pages\/2490\/revisions"}],"predecessor-version":[{"id":2501,"href":"http:\/\/zespoltoon.pl\/blog\/wp-json\/wp\/v2\/pages\/2490\/revisions\/2501"}],"wp:attachment":[{"href":"http:\/\/zespoltoon.pl\/blog\/wp-json\/wp\/v2\/media?parent=2490"}],"curies":[{"name":"wp","href":"https:\/\/api.w.org\/{rel}","templated":true}]}}