{"id":2566,"date":"2026-01-28T08:42:18","date_gmt":"2026-01-28T08:42:18","guid":{"rendered":"http:\/\/zespoltoon.pl\/blog\/?page_id=2566"},"modified":"2026-01-28T08:47:13","modified_gmt":"2026-01-28T08:47:13","slug":"zaduszki-artystyczne","status":"publish","type":"page","link":"http:\/\/zespoltoon.pl\/blog\/zaduszki-artystyczne\/","title":{"rendered":"Zaduszki Artystyczne"},"content":{"rendered":"<div data-colibri-id=\"2566-c1\" class=\"style-1253 style-local-2566-c1 position-relative\">\n  <!---->\n  <div data-colibri-component=\"section\" data-colibri-id=\"2566-c6\" id=\"custom\" class=\"h-section h-section-global-spacing d-flex align-items-lg-center align-items-md-center align-items-center style-1258 style-local-2566-c6 position-relative\">\n    <!---->\n    <!---->\n    <div class=\"h-section-grid-container h-section-boxed-container\">\n      <!---->\n      <div data-colibri-id=\"2566-c9\" class=\"h-row-container gutters-row-lg-2 gutters-row-md-2 gutters-row-0 gutters-row-v-lg-2 gutters-row-v-md-2 gutters-row-v-2 style-1261 style-local-2566-c9 position-relative\">\n        <!---->\n        <div class=\"h-row justify-content-lg-center justify-content-md-center justify-content-center align-items-lg-stretch align-items-md-stretch align-items-stretch gutters-col-lg-2 gutters-col-md-2 gutters-col-0 gutters-col-v-lg-2 gutters-col-v-md-2 gutters-col-v-2\">\n          <!---->\n          <div class=\"h-column h-column-container d-flex h-col-lg-auto h-col-md-auto h-col-auto style-1262-outer style-local-2566-c10-outer\">\n            <div data-colibri-id=\"2566-c10\" class=\"d-flex h-flex-basis h-column__inner h-px-lg-2 h-px-md-2 h-px-2 v-inner-lg-2 v-inner-md-2 v-inner-2 style-1262 style-local-2566-c10 position-relative\">\n              <!---->\n              <!---->\n              <div class=\"w-100 h-y-container h-column__content h-column__v-align flex-basis-100 align-self-lg-start align-self-md-start align-self-start\">\n                <!---->\n                <div data-colibri-id=\"2566-c11\" class=\"h-text h-text-component style-1263 style-local-2566-c11 position-relative h-element\">\n                  <!---->\n                  <!---->\n                  <div class=\"\">\n                    <p>Realizacja d\u017awi\u0119ku, techniki sceny oraz wsparcie (akompaniament) podczas Zaduszek Artystycznych &#8222;Ocali\u0107 od zapomnienia&#8221; w Gminnym O\u015brodku Kultury, Sportu i Rekreacji w Paw\u0142owie.&nbsp;<\/p>\n                    <p><strong>7 listopada 2025<\/strong><\/p>\n                  <\/div>\n                <\/div>\n              <\/div>\n            <\/div>\n          <\/div>\n        <\/div>\n      <\/div>\n      <div data-colibri-id=\"2566-c12\" class=\"h-row-container gutters-row-lg-2 gutters-row-md-2 gutters-row-0 gutters-row-v-lg-2 gutters-row-v-md-2 gutters-row-v-2 style-1264 style-local-2566-c12 position-relative\">\n        <!---->\n        <div class=\"h-row justify-content-lg-center justify-content-md-center justify-content-center align-items-lg-stretch align-items-md-stretch align-items-stretch gutters-col-lg-2 gutters-col-md-2 gutters-col-0 gutters-col-v-lg-2 gutters-col-v-md-2 gutters-col-v-2\">\n          <!---->\n          <div class=\"h-column h-column-container d-flex h-col-lg-auto h-col-md-auto h-col-auto style-1265-outer style-local-2566-c13-outer\">\n            <div data-colibri-id=\"2566-c13\" class=\"d-flex h-flex-basis h-column__inner h-px-lg-2 h-px-md-2 h-px-2 v-inner-lg-2 v-inner-md-2 v-inner-2 style-1265 style-local-2566-c13 position-relative\">\n              <!---->\n              <!---->\n              <div class=\"w-100 h-y-container h-column__content h-column__v-align flex-basis-100 align-self-lg-start align-self-md-start align-self-start\">\n                <!---->\n                <div data-colibri-id=\"2566-c14\" class=\"h-x-container style-1266 style-local-2566-c14 position-relative h-element\">\n                  <!---->\n                  <div class=\"h-x-container-inner style-dynamic-2566-c14-group style-1266-spacing style-local-2566-c14-spacing\"><span class=\"h-link__outer style-1267-outer style-local-2566-c15-outer d-inline-flex h-element\"><a h-use-smooth-scroll=\"true\" href=\"https:\/\/www.facebook.com\/share\/p\/1K7Bx79BRF\/\"  data-colibri-id=\"2566-c15\" class=\"d-flex w-100 align-items-center h-link style-1267 style-local-2566-c15 position-relative\"><!----><!----> <span>Wi\u0119cej<\/span><\/a>\n                    <\/span>\n                  <\/div>\n                <\/div>\n              <\/div>\n            <\/div>\n          <\/div>\n        <\/div>\n      <\/div>\n      <div data-colibri-id=\"2566-c16\" class=\"h-row-container gutters-row-lg-2 gutters-row-md-2 gutters-row-0 gutters-row-v-lg-2 gutters-row-v-md-2 gutters-row-v-2 style-1268 style-local-2566-c16 position-relative\">\n        <!---->\n        <div class=\"h-row justify-content-lg-center justify-content-md-center justify-content-center align-items-lg-stretch align-items-md-stretch align-items-stretch gutters-col-lg-2 gutters-col-md-2 gutters-col-0 gutters-col-v-lg-2 gutters-col-v-md-2 gutters-col-v-2\">\n          <!---->\n          <div class=\"h-column h-column-container d-flex h-col-lg-auto h-col-md-auto h-col-auto style-1269-outer style-local-2566-c17-outer\">\n            <div data-colibri-id=\"2566-c17\" class=\"d-flex h-flex-basis h-column__inner h-px-lg-2 h-px-md-2 h-px-2 v-inner-lg-2 v-inner-md-2 v-inner-2 style-1269 style-local-2566-c17 position-relative\">\n              <!---->\n              <!---->\n              <div class=\"w-100 h-y-container h-column__content h-column__v-align flex-basis-100 align-self-lg-start align-self-md-start align-self-start\">\n                <!---->\n                <div data-colibri-id=\"2566-c18\" class=\"d-block style-1270 style-local-2566-c18 position-relative h-element\">\n                  <!---->\n                  <div class=\"h-image__frame-container-outer\">\n                    <div class=\"h-image__frame-container\">\n                      <!---->\n                      <!---->\n                      <img loading=\"lazy\" decoding=\"async\" width=\"1447\" height=\"2048\" src=\"http:\/\/zespoltoon.pl\/blog\/wp-content\/uploads\/2026\/01\/cropped-561981514_1248950890606647_7319609466040932793_n-1.jpg\" class=\"wp-image-2569 style-1270-image style-local-2566-c18-image\" alt=\"\" srcset=\"http:\/\/zespoltoon.pl\/blog\/wp-content\/uploads\/2026\/01\/cropped-561981514_1248950890606647_7319609466040932793_n-1.jpg 1447w, http:\/\/zespoltoon.pl\/blog\/wp-content\/uploads\/2026\/01\/cropped-561981514_1248950890606647_7319609466040932793_n-1-212x300.jpg 212w, http:\/\/zespoltoon.pl\/blog\/wp-content\/uploads\/2026\/01\/cropped-561981514_1248950890606647_7319609466040932793_n-1-724x1024.jpg 724w, http:\/\/zespoltoon.pl\/blog\/wp-content\/uploads\/2026\/01\/cropped-561981514_1248950890606647_7319609466040932793_n-1-768x1087.jpg 768w, http:\/\/zespoltoon.pl\/blog\/wp-content\/uploads\/2026\/01\/cropped-561981514_1248950890606647_7319609466040932793_n-1-1085x1536.jpg 1085w\" sizes=\"auto, (max-width: 1447px) 100vw, 1447px\" \/>\n                      <div class=\"h-image__frame h-hide-lg h-hide-md h-hide-sm style-1270-frameImage style-local-2566-c18-frameImage\"><\/div>\n                    <\/div>\n                  <\/div>\n                <\/div>\n              <\/div>\n            <\/div>\n          <\/div>\n        <\/div>\n      <\/div>\n      <div data-colibri-id=\"2566-c7\" class=\"h-row-container gutters-row-lg-2 gutters-row-md-2 gutters-row-0 gutters-row-v-lg-2 gutters-row-v-md-2 gutters-row-v-2 style-1259 style-local-2566-c7 position-relative\">\n        <!---->\n        <div class=\"h-row justify-content-lg-center justify-content-md-center justify-content-center align-items-lg-stretch align-items-md-stretch align-items-stretch gutters-col-lg-2 gutters-col-md-2 gutters-col-0 gutters-col-v-lg-2 gutters-col-v-md-2 gutters-col-v-2\">\n          <!---->\n          <div class=\"h-column h-column-container d-flex h-col-lg-auto h-col-md-auto h-col-auto style-1260-outer style-local-2566-c8-outer\">\n            <div data-colibri-id=\"2566-c8\" class=\"d-flex h-flex-basis h-column__inner h-ui-empty-state-container h-px-lg-2 h-px-md-2 h-px-2 v-inner-lg-2 v-inner-md-2 v-inner-2 style-1260 style-local-2566-c8 position-relative\">\n              <!---->\n              <!---->\n              <div class=\"w-100 h-y-container h-column__content h-column__v-align flex-basis-100\">\n                <!---->\n              <\/div>\n            <\/div>\n          <\/div>\n        <\/div>\n      <\/div>\n    <\/div>\n  <\/div>\n<\/div>","protected":false},"excerpt":{"rendered":"<p>Realizacja d\u017awi\u0119ku, techniki sceny oraz wsparcie (akompaniament) podczas Zaduszek Artystycznych &#8222;Ocali\u0107 od zapomnienia&#8221; w Gminnym O\u015brodku Kultury, Sportu i Rekreacji w Paw\u0142owie.&nbsp; 7 listopada 2025 Wi\u0119cej<\/p>\n","protected":false},"author":1,"featured_media":0,"parent":0,"menu_order":0,"comment_status":"closed","ping_status":"closed","template":"page-templates\/full-width-page.php","meta":{"_exactmetrics_skip_tracking":false,"_exactmetrics_sitenote_active":false,"_exactmetrics_sitenote_note":"","_exactmetrics_sitenote_category":0,"footnotes":""},"class_list":["post-2566","page","type-page","status-publish","hentry"],"aioseo_notices":[],"_links":{"self":[{"href":"http:\/\/zespoltoon.pl\/blog\/wp-json\/wp\/v2\/pages\/2566","targetHints":{"allow":["GET"]}}],"collection":[{"href":"http:\/\/zespoltoon.pl\/blog\/wp-json\/wp\/v2\/pages"}],"about":[{"href":"http:\/\/zespoltoon.pl\/blog\/wp-json\/wp\/v2\/types\/page"}],"author":[{"embeddable":true,"href":"http:\/\/zespoltoon.pl\/blog\/wp-json\/wp\/v2\/users\/1"}],"replies":[{"embeddable":true,"href":"http:\/\/zespoltoon.pl\/blog\/wp-json\/wp\/v2\/comments?post=2566"}],"version-history":[{"count":2,"href":"http:\/\/zespoltoon.pl\/blog\/wp-json\/wp\/v2\/pages\/2566\/revisions"}],"predecessor-version":[{"id":2571,"href":"http:\/\/zespoltoon.pl\/blog\/wp-json\/wp\/v2\/pages\/2566\/revisions\/2571"}],"wp:attachment":[{"href":"http:\/\/zespoltoon.pl\/blog\/wp-json\/wp\/v2\/media?parent=2566"}],"curies":[{"name":"wp","href":"https:\/\/api.w.org\/{rel}","templated":true}]}}