{"id":2628,"date":"2026-01-28T09:04:11","date_gmt":"2026-01-28T09:04:11","guid":{"rendered":"http:\/\/zespoltoon.pl\/blog\/?page_id=2628"},"modified":"2026-01-28T09:06:44","modified_gmt":"2026-01-28T09:06:44","slug":"swietokrzyski-festiwal-koled-i-pastoralek","status":"publish","type":"page","link":"http:\/\/zespoltoon.pl\/blog\/swietokrzyski-festiwal-koled-i-pastoralek\/","title":{"rendered":"\u015awi\u0119tokrzyski Festiwal Kol\u0119d i Pastora\u0142ek"},"content":{"rendered":"<div data-colibri-id=\"2628-c1\" class=\"style-1299 style-local-2628-c1 position-relative\">\n  <!---->\n  <div data-colibri-component=\"section\" data-colibri-id=\"2628-c2\" id=\"custom\" class=\"h-section h-section-global-spacing d-flex align-items-lg-center align-items-md-center align-items-center style-1300 style-local-2628-c2 position-relative\">\n    <!---->\n    <!---->\n    <div class=\"h-section-grid-container h-section-boxed-container\">\n      <!---->\n      <div data-colibri-id=\"2628-c5\" class=\"h-row-container gutters-row-lg-2 gutters-row-md-2 gutters-row-0 gutters-row-v-lg-2 gutters-row-v-md-2 gutters-row-v-2 style-1303 style-local-2628-c5 position-relative\">\n        <!---->\n        <div class=\"h-row justify-content-lg-center justify-content-md-center justify-content-center align-items-lg-stretch align-items-md-stretch align-items-stretch gutters-col-lg-2 gutters-col-md-2 gutters-col-0 gutters-col-v-lg-2 gutters-col-v-md-2 gutters-col-v-2\">\n          <!---->\n          <div class=\"h-column h-column-container d-flex h-col-lg-auto h-col-md-auto h-col-auto style-1304-outer style-local-2628-c6-outer\">\n            <div data-colibri-id=\"2628-c6\" class=\"d-flex h-flex-basis h-column__inner h-px-lg-2 h-px-md-2 h-px-2 v-inner-lg-2 v-inner-md-2 v-inner-2 style-1304 style-local-2628-c6 position-relative\">\n              <!---->\n              <!---->\n              <div class=\"w-100 h-y-container h-column__content h-column__v-align flex-basis-100 align-self-lg-start align-self-md-start align-self-start\">\n                <!---->\n                <div data-colibri-id=\"2628-c7\" class=\"h-text h-text-component style-1305 style-local-2628-c7 position-relative h-element\">\n                  <!---->\n                  <!---->\n                  <div class=\"\">\n                    <p>Jury oraz wsparcie techniczne podczas XIX \u015awi\u0119tokrzyskiego Festiwalu Kol\u0119d i Pastora\u0142ek&nbsp;<\/p>\n                    <p><strong>5-7 grudnia 2025<\/strong><\/p>\n                  <\/div>\n                <\/div>\n              <\/div>\n            <\/div>\n          <\/div>\n        <\/div>\n      <\/div>\n      <div data-colibri-id=\"2628-c8\" class=\"h-row-container gutters-row-lg-2 gutters-row-md-2 gutters-row-0 gutters-row-v-lg-2 gutters-row-v-md-2 gutters-row-v-2 style-1306 style-local-2628-c8 position-relative\">\n        <!---->\n        <div class=\"h-row justify-content-lg-center justify-content-md-center justify-content-center align-items-lg-stretch align-items-md-stretch align-items-stretch gutters-col-lg-2 gutters-col-md-2 gutters-col-0 gutters-col-v-lg-2 gutters-col-v-md-2 gutters-col-v-2\">\n          <!---->\n          <div class=\"h-column h-column-container d-flex h-col-lg-auto h-col-md-auto h-col-auto style-1307-outer style-local-2628-c9-outer\">\n            <div data-colibri-id=\"2628-c9\" class=\"d-flex h-flex-basis h-column__inner h-px-lg-2 h-px-md-2 h-px-2 v-inner-lg-2 v-inner-md-2 v-inner-2 style-1307 style-local-2628-c9 position-relative\">\n              <!---->\n              <!---->\n              <div class=\"w-100 h-y-container h-column__content h-column__v-align flex-basis-100 align-self-lg-start align-self-md-start align-self-start\">\n                <!---->\n                <div data-colibri-id=\"2628-c10\" class=\"h-x-container style-1308 style-local-2628-c10 position-relative h-element\">\n                  <!---->\n                  <div class=\"h-x-container-inner style-dynamic-2628-c10-group style-1308-spacing style-local-2628-c10-spacing\"><span class=\"h-link__outer style-1309-outer style-local-2628-c11-outer d-inline-flex h-element\"><a h-use-smooth-scroll=\"true\" href=\"https:\/\/swietokrzyskiekoledy.pl\/werdykty\/\"  data-colibri-id=\"2628-c11\" class=\"d-flex w-100 align-items-center h-link style-1309 style-local-2628-c11 position-relative\"><!----><!----> <span>Wi\u0119cej<\/span><\/a>\n                    <\/span>\n                  <\/div>\n                <\/div>\n              <\/div>\n            <\/div>\n          <\/div>\n        <\/div>\n      <\/div>\n      <div data-colibri-id=\"2628-c12\" class=\"h-row-container gutters-row-lg-2 gutters-row-md-2 gutters-row-0 gutters-row-v-lg-2 gutters-row-v-md-2 gutters-row-v-2 style-1310 style-local-2628-c12 position-relative\">\n        <!---->\n        <div class=\"h-row justify-content-lg-center justify-content-md-center justify-content-center align-items-lg-stretch align-items-md-stretch align-items-stretch gutters-col-lg-2 gutters-col-md-2 gutters-col-0 gutters-col-v-lg-2 gutters-col-v-md-2 gutters-col-v-2\">\n          <!---->\n          <div class=\"h-column h-column-container d-flex h-col-lg-auto h-col-md-auto h-col-auto style-1311-outer style-local-2628-c13-outer\">\n            <div data-colibri-id=\"2628-c13\" class=\"d-flex h-flex-basis h-column__inner h-px-lg-2 h-px-md-2 h-px-2 v-inner-lg-2 v-inner-md-2 v-inner-2 style-1311 style-local-2628-c13 position-relative\">\n              <!---->\n              <!---->\n              <div class=\"w-100 h-y-container h-column__content h-column__v-align flex-basis-100 align-self-lg-start align-self-md-start align-self-start\">\n                <!---->\n                <div data-colibri-id=\"2628-c14\" class=\"d-block style-1312 style-local-2628-c14 position-relative h-element\">\n                  <!---->\n                  <div class=\"h-image__frame-container-outer\">\n                    <div class=\"h-image__frame-container\">\n                      <!---->\n                      <!---->\n                      <img loading=\"lazy\" decoding=\"async\" width=\"841\" height=\"1191\" src=\"http:\/\/zespoltoon.pl\/blog\/wp-content\/uploads\/2026\/01\/cropped-ddd8e555-7772-4719-8911-55ecffd8d0a5.jpg-1.webp\" class=\"wp-image-2633 style-1312-image style-local-2628-c14-image\" alt=\"\" srcset=\"http:\/\/zespoltoon.pl\/blog\/wp-content\/uploads\/2026\/01\/cropped-ddd8e555-7772-4719-8911-55ecffd8d0a5.jpg-1.webp 841w, http:\/\/zespoltoon.pl\/blog\/wp-content\/uploads\/2026\/01\/cropped-ddd8e555-7772-4719-8911-55ecffd8d0a5.jpg-1-212x300.webp 212w, http:\/\/zespoltoon.pl\/blog\/wp-content\/uploads\/2026\/01\/cropped-ddd8e555-7772-4719-8911-55ecffd8d0a5.jpg-1-723x1024.webp 723w, http:\/\/zespoltoon.pl\/blog\/wp-content\/uploads\/2026\/01\/cropped-ddd8e555-7772-4719-8911-55ecffd8d0a5.jpg-1-768x1088.webp 768w\" sizes=\"auto, (max-width: 841px) 100vw, 841px\" \/>\n                      <div class=\"h-image__frame h-hide-lg h-hide-md h-hide-sm style-1312-frameImage style-local-2628-c14-frameImage\"><\/div>\n                    <\/div>\n                  <\/div>\n                <\/div>\n              <\/div>\n            <\/div>\n          <\/div>\n        <\/div>\n      <\/div>\n      <div data-colibri-id=\"2628-c3\" class=\"h-row-container gutters-row-lg-2 gutters-row-md-2 gutters-row-0 gutters-row-v-lg-2 gutters-row-v-md-2 gutters-row-v-2 style-1301 style-local-2628-c3 position-relative\">\n        <!---->\n        <div class=\"h-row justify-content-lg-center justify-content-md-center justify-content-center align-items-lg-stretch align-items-md-stretch align-items-stretch gutters-col-lg-2 gutters-col-md-2 gutters-col-0 gutters-col-v-lg-2 gutters-col-v-md-2 gutters-col-v-2\">\n          <!---->\n          <div class=\"h-column h-column-container d-flex h-col-lg-auto h-col-md-auto h-col-auto style-1302-outer style-local-2628-c4-outer\">\n            <div data-colibri-id=\"2628-c4\" class=\"d-flex h-flex-basis h-column__inner h-ui-empty-state-container h-px-lg-2 h-px-md-2 h-px-2 v-inner-lg-2 v-inner-md-2 v-inner-2 style-1302 style-local-2628-c4 position-relative\">\n              <!---->\n              <!---->\n              <div class=\"w-100 h-y-container h-column__content h-column__v-align flex-basis-100\">\n                <!---->\n              <\/div>\n            <\/div>\n          <\/div>\n        <\/div>\n      <\/div>\n    <\/div>\n  <\/div>\n<\/div>","protected":false},"excerpt":{"rendered":"<p>Jury oraz wsparcie techniczne podczas XIX \u015awi\u0119tokrzyskiego Festiwalu Kol\u0119d i Pastora\u0142ek&nbsp; 5-7 grudnia 2025 Wi\u0119cej<\/p>\n","protected":false},"author":1,"featured_media":0,"parent":0,"menu_order":0,"comment_status":"closed","ping_status":"closed","template":"page-templates\/full-width-page.php","meta":{"_exactmetrics_skip_tracking":false,"_exactmetrics_sitenote_active":false,"_exactmetrics_sitenote_note":"","_exactmetrics_sitenote_category":0,"footnotes":""},"class_list":["post-2628","page","type-page","status-publish","hentry"],"aioseo_notices":[],"_links":{"self":[{"href":"http:\/\/zespoltoon.pl\/blog\/wp-json\/wp\/v2\/pages\/2628","targetHints":{"allow":["GET"]}}],"collection":[{"href":"http:\/\/zespoltoon.pl\/blog\/wp-json\/wp\/v2\/pages"}],"about":[{"href":"http:\/\/zespoltoon.pl\/blog\/wp-json\/wp\/v2\/types\/page"}],"author":[{"embeddable":true,"href":"http:\/\/zespoltoon.pl\/blog\/wp-json\/wp\/v2\/users\/1"}],"replies":[{"embeddable":true,"href":"http:\/\/zespoltoon.pl\/blog\/wp-json\/wp\/v2\/comments?post=2628"}],"version-history":[{"count":2,"href":"http:\/\/zespoltoon.pl\/blog\/wp-json\/wp\/v2\/pages\/2628\/revisions"}],"predecessor-version":[{"id":2635,"href":"http:\/\/zespoltoon.pl\/blog\/wp-json\/wp\/v2\/pages\/2628\/revisions\/2635"}],"wp:attachment":[{"href":"http:\/\/zespoltoon.pl\/blog\/wp-json\/wp\/v2\/media?parent=2628"}],"curies":[{"name":"wp","href":"https:\/\/api.w.org\/{rel}","templated":true}]}}