{"id":2716,"date":"2026-01-28T10:55:02","date_gmt":"2026-01-28T10:55:02","guid":{"rendered":"http:\/\/zespoltoon.pl\/blog\/?page_id=2716"},"modified":"2026-01-28T10:58:54","modified_gmt":"2026-01-28T10:58:54","slug":"koncert-anioly-daja-skrzydla","status":"publish","type":"page","link":"http:\/\/zespoltoon.pl\/blog\/koncert-anioly-daja-skrzydla\/","title":{"rendered":"Koncert &#8222;Anio\u0142y Daj\u0105 Skrzyd\u0142a&#8221;"},"content":{"rendered":"<div data-colibri-id=\"2716-c1\" class=\"style-1330 style-local-2716-c1 position-relative\">\n  <!---->\n  <div data-colibri-component=\"section\" data-colibri-id=\"2716-c2\" id=\"custom\" class=\"h-section h-section-global-spacing d-flex align-items-lg-center align-items-md-center align-items-center style-1331 style-local-2716-c2 position-relative\">\n    <!---->\n    <!---->\n    <div class=\"h-section-grid-container h-section-boxed-container\">\n      <!---->\n      <div data-colibri-id=\"2716-c5\" class=\"h-row-container gutters-row-lg-2 gutters-row-md-2 gutters-row-0 gutters-row-v-lg-2 gutters-row-v-md-2 gutters-row-v-2 style-1334 style-local-2716-c5 position-relative\">\n        <!---->\n        <div class=\"h-row justify-content-lg-center justify-content-md-center justify-content-center align-items-lg-stretch align-items-md-stretch align-items-stretch gutters-col-lg-2 gutters-col-md-2 gutters-col-0 gutters-col-v-lg-2 gutters-col-v-md-2 gutters-col-v-2\">\n          <!---->\n          <div class=\"h-column h-column-container d-flex h-col-lg-auto h-col-md-auto h-col-auto style-1335-outer style-local-2716-c6-outer\">\n            <div data-colibri-id=\"2716-c6\" class=\"d-flex h-flex-basis h-column__inner h-px-lg-2 h-px-md-2 h-px-2 v-inner-lg-2 v-inner-md-2 v-inner-2 style-1335 style-local-2716-c6 position-relative\">\n              <!---->\n              <!---->\n              <div class=\"w-100 h-y-container h-column__content h-column__v-align flex-basis-100 align-self-lg-start align-self-md-start align-self-start\">\n                <!---->\n                <div data-colibri-id=\"2716-c7\" class=\"h-text h-text-component style-1336 style-local-2716-c7 position-relative h-element\">\n                  <!---->\n                  <!---->\n                  <div class=\"\">\n                    <p>Realizacja d\u017awi\u0119ku i techniki sceny, wsp\u00f3\u0142organizacja wydarzenia i koncert charytatywny&nbsp;<strong>&#8222;Anio\u0142y Daj\u0105 Skrzyd\u0142a&#8221;<\/strong><\/p>\n                    <p><strong>20 grudnia 2025<\/strong><\/p>\n                  <\/div>\n                <\/div>\n              <\/div>\n            <\/div>\n          <\/div>\n        <\/div>\n      <\/div>\n      <div data-colibri-id=\"2716-c8\" class=\"h-row-container gutters-row-lg-2 gutters-row-md-2 gutters-row-0 gutters-row-v-lg-2 gutters-row-v-md-2 gutters-row-v-2 style-1337 style-local-2716-c8 position-relative\">\n        <!---->\n        <div class=\"h-row justify-content-lg-center justify-content-md-center justify-content-center align-items-lg-stretch align-items-md-stretch align-items-stretch gutters-col-lg-2 gutters-col-md-2 gutters-col-0 gutters-col-v-lg-2 gutters-col-v-md-2 gutters-col-v-2\">\n          <!---->\n          <div class=\"h-column h-column-container d-flex h-col-lg-auto h-col-md-auto h-col-auto style-1338-outer style-local-2716-c9-outer\">\n            <div data-colibri-id=\"2716-c9\" class=\"d-flex h-flex-basis h-column__inner h-px-lg-2 h-px-md-2 h-px-2 v-inner-lg-2 v-inner-md-2 v-inner-2 style-1338 style-local-2716-c9 position-relative\">\n              <!---->\n              <!---->\n              <div class=\"w-100 h-y-container h-column__content h-column__v-align flex-basis-100 align-self-lg-start align-self-md-start align-self-start\">\n                <!---->\n                <div data-colibri-id=\"2716-c10\" class=\"h-x-container style-1339 style-local-2716-c10 position-relative h-element\">\n                  <!---->\n                  <div class=\"h-x-container-inner style-dynamic-2716-c10-group style-1339-spacing style-local-2716-c10-spacing\"><span class=\"h-link__outer style-1340-outer style-local-2716-c11-outer d-inline-flex h-element\"><a h-use-smooth-scroll=\"true\" href=\"https:\/\/www.facebook.com\/share\/p\/1DPG7R2V8V\/\"  data-colibri-id=\"2716-c11\" class=\"d-flex w-100 align-items-center h-link style-1340 style-local-2716-c11 position-relative\"><!----><!----> <span>Wi\u0119cej<\/span><\/a>\n                    <\/span>\n                  <\/div>\n                <\/div>\n                <div data-colibri-id=\"2716-c12\" class=\"d-block style-1341 style-local-2716-c12 position-relative h-element\">\n                  <!---->\n                  <div class=\"h-image__frame-container-outer\">\n                    <div class=\"h-image__frame-container\">\n                      <!---->\n                      <!---->\n                      <img loading=\"lazy\" decoding=\"async\" width=\"1130\" height=\"1600\" src=\"http:\/\/zespoltoon.pl\/blog\/wp-content\/uploads\/2026\/01\/cropped-588306070_1291223623050690_4480680645345610973_n-2-1.jpg\" class=\"wp-image-2719 style-1341-image style-local-2716-c12-image\" alt=\"\" srcset=\"http:\/\/zespoltoon.pl\/blog\/wp-content\/uploads\/2026\/01\/cropped-588306070_1291223623050690_4480680645345610973_n-2-1.jpg 1130w, http:\/\/zespoltoon.pl\/blog\/wp-content\/uploads\/2026\/01\/cropped-588306070_1291223623050690_4480680645345610973_n-2-1-212x300.jpg 212w, http:\/\/zespoltoon.pl\/blog\/wp-content\/uploads\/2026\/01\/cropped-588306070_1291223623050690_4480680645345610973_n-2-1-723x1024.jpg 723w, http:\/\/zespoltoon.pl\/blog\/wp-content\/uploads\/2026\/01\/cropped-588306070_1291223623050690_4480680645345610973_n-2-1-768x1087.jpg 768w, http:\/\/zespoltoon.pl\/blog\/wp-content\/uploads\/2026\/01\/cropped-588306070_1291223623050690_4480680645345610973_n-2-1-1085x1536.jpg 1085w\" sizes=\"auto, (max-width: 1130px) 100vw, 1130px\" \/>\n                      <div class=\"h-image__frame h-hide-lg h-hide-md h-hide-sm style-1341-frameImage style-local-2716-c12-frameImage\"><\/div>\n                    <\/div>\n                  <\/div>\n                <\/div>\n              <\/div>\n            <\/div>\n          <\/div>\n        <\/div>\n      <\/div>\n      <div data-colibri-id=\"2716-c3\" class=\"h-row-container gutters-row-lg-2 gutters-row-md-2 gutters-row-0 gutters-row-v-lg-2 gutters-row-v-md-2 gutters-row-v-2 style-1332 style-local-2716-c3 position-relative\">\n        <!---->\n        <div class=\"h-row justify-content-lg-center justify-content-md-center justify-content-center align-items-lg-stretch align-items-md-stretch align-items-stretch gutters-col-lg-2 gutters-col-md-2 gutters-col-0 gutters-col-v-lg-2 gutters-col-v-md-2 gutters-col-v-2\">\n          <!---->\n          <div class=\"h-column h-column-container d-flex h-col-lg-auto h-col-md-auto h-col-auto style-1333-outer style-local-2716-c4-outer\">\n            <div data-colibri-id=\"2716-c4\" class=\"d-flex h-flex-basis h-column__inner h-ui-empty-state-container h-px-lg-2 h-px-md-2 h-px-2 v-inner-lg-2 v-inner-md-2 v-inner-2 style-1333 style-local-2716-c4 position-relative\">\n              <!---->\n              <!---->\n              <div class=\"w-100 h-y-container h-column__content h-column__v-align flex-basis-100\">\n                <!---->\n              <\/div>\n            <\/div>\n          <\/div>\n        <\/div>\n      <\/div>\n    <\/div>\n  <\/div>\n<\/div>","protected":false},"excerpt":{"rendered":"<p>Realizacja d\u017awi\u0119ku i techniki sceny, wsp\u00f3\u0142organizacja wydarzenia i koncert charytatywny&nbsp;&#8222;Anio\u0142y Daj\u0105 Skrzyd\u0142a&#8221; 20 grudnia 2025 Wi\u0119cej<\/p>\n","protected":false},"author":1,"featured_media":0,"parent":0,"menu_order":0,"comment_status":"closed","ping_status":"closed","template":"page-templates\/full-width-page.php","meta":{"_exactmetrics_skip_tracking":false,"_exactmetrics_sitenote_active":false,"_exactmetrics_sitenote_note":"","_exactmetrics_sitenote_category":0,"footnotes":""},"class_list":["post-2716","page","type-page","status-publish","hentry"],"aioseo_notices":[],"_links":{"self":[{"href":"http:\/\/zespoltoon.pl\/blog\/wp-json\/wp\/v2\/pages\/2716","targetHints":{"allow":["GET"]}}],"collection":[{"href":"http:\/\/zespoltoon.pl\/blog\/wp-json\/wp\/v2\/pages"}],"about":[{"href":"http:\/\/zespoltoon.pl\/blog\/wp-json\/wp\/v2\/types\/page"}],"author":[{"embeddable":true,"href":"http:\/\/zespoltoon.pl\/blog\/wp-json\/wp\/v2\/users\/1"}],"replies":[{"embeddable":true,"href":"http:\/\/zespoltoon.pl\/blog\/wp-json\/wp\/v2\/comments?post=2716"}],"version-history":[{"count":2,"href":"http:\/\/zespoltoon.pl\/blog\/wp-json\/wp\/v2\/pages\/2716\/revisions"}],"predecessor-version":[{"id":2721,"href":"http:\/\/zespoltoon.pl\/blog\/wp-json\/wp\/v2\/pages\/2716\/revisions\/2721"}],"wp:attachment":[{"href":"http:\/\/zespoltoon.pl\/blog\/wp-json\/wp\/v2\/media?parent=2716"}],"curies":[{"name":"wp","href":"https:\/\/api.w.org\/{rel}","templated":true}]}}