{"id":3071,"date":"2026-02-17T14:41:52","date_gmt":"2026-02-17T14:41:52","guid":{"rendered":"http:\/\/zespoltoon.pl\/blog\/?page_id=3071"},"modified":"2026-02-17T14:48:06","modified_gmt":"2026-02-17T14:48:06","slug":"milosc-to-niebo-na-ziemi","status":"publish","type":"page","link":"http:\/\/zespoltoon.pl\/blog\/milosc-to-niebo-na-ziemi\/","title":{"rendered":"Mi\u0142o\u015b\u0107 to niebo na ziemi"},"content":{"rendered":"<div data-colibri-id=\"3071-c1\" class=\"style-1543 style-local-3071-c1 position-relative\">\n  <!---->\n  <div data-colibri-component=\"section\" data-colibri-id=\"3071-c2\" id=\"custom\" class=\"h-section h-section-global-spacing d-flex align-items-lg-center align-items-md-center align-items-center style-1544 style-local-3071-c2 position-relative\">\n    <!---->\n    <!---->\n    <div class=\"h-section-grid-container h-section-boxed-container\">\n      <!---->\n      <div data-colibri-id=\"3071-c5\" class=\"h-row-container gutters-row-lg-2 gutters-row-md-2 gutters-row-0 gutters-row-v-lg-2 gutters-row-v-md-2 gutters-row-v-2 style-1547 style-local-3071-c5 position-relative\">\n        <!---->\n        <div class=\"h-row justify-content-lg-center justify-content-md-center justify-content-center align-items-lg-stretch align-items-md-stretch align-items-stretch gutters-col-lg-2 gutters-col-md-2 gutters-col-0 gutters-col-v-lg-2 gutters-col-v-md-2 gutters-col-v-2\">\n          <!---->\n          <div class=\"h-column h-column-container d-flex h-col-lg-auto h-col-md-auto h-col-auto style-1548-outer style-local-3071-c6-outer\">\n            <div data-colibri-id=\"3071-c6\" class=\"d-flex h-flex-basis h-column__inner h-px-lg-2 h-px-md-2 h-px-2 v-inner-lg-2 v-inner-md-2 v-inner-2 style-1548 style-local-3071-c6 position-relative\">\n              <!---->\n              <!---->\n              <div class=\"w-100 h-y-container h-column__content h-column__v-align flex-basis-100 align-self-lg-start align-self-md-start align-self-start\">\n                <!---->\n                <div data-colibri-id=\"3071-c7\" class=\"h-text h-text-component style-1549 style-local-3071-c7 position-relative h-element\">\n                  <!---->\n                  <!---->\n                  <div class=\"\">\n                    <p>Realizacja d\u017awi\u0119ku i techniki sceny podczas koncertu \u201eMi\u0142o\u015b\u0107 to niebo na ziemi\u201d w Gminnym O\u015brodku Kultury Sportu i Rekreacji w Paw\u0142owie<\/p>\n                    <p><strong>15 lutego 2026<\/strong><\/p>\n                  <\/div>\n                <\/div>\n                <div data-colibri-id=\"3071-c8\" class=\"h-x-container style-1550 style-local-3071-c8 position-relative h-element\">\n                  <!---->\n                  <div class=\"h-x-container-inner style-dynamic-3071-c8-group style-1550-spacing style-local-3071-c8-spacing\"><span class=\"h-link__outer style-1551-outer style-local-3071-c9-outer d-inline-flex h-element\"><a h-use-smooth-scroll=\"true\" href=\"https:\/\/www.facebook.com\/share\/p\/1HfoiZnHkN\/\"  data-colibri-id=\"3071-c9\" class=\"d-flex w-100 align-items-center h-link style-1551 style-local-3071-c9 position-relative\"><!----><!----> <span>Wi\u0119cej<\/span><\/a>\n                    <\/span>\n                  <\/div>\n                <\/div>\n              <\/div>\n            <\/div>\n          <\/div>\n        <\/div>\n      <\/div>\n      <div data-colibri-id=\"3071-c11\" class=\"h-row-container gutters-row-lg-2 gutters-row-md-2 gutters-row-0 gutters-row-v-lg-2 gutters-row-v-md-2 gutters-row-v-2 style-1553 style-local-3071-c11 position-relative\">\n        <!---->\n        <div class=\"h-row justify-content-lg-center justify-content-md-center justify-content-center align-items-lg-stretch align-items-md-stretch align-items-stretch gutters-col-lg-2 gutters-col-md-2 gutters-col-0 gutters-col-v-lg-2 gutters-col-v-md-2 gutters-col-v-2\">\n          <!---->\n          <div class=\"h-column h-column-container d-flex h-col-lg-auto h-col-md-auto h-col-auto style-1554-outer style-local-3071-c12-outer\">\n            <div data-colibri-id=\"3071-c12\" class=\"d-flex h-flex-basis h-column__inner h-px-lg-2 h-px-md-2 h-px-2 v-inner-lg-2 v-inner-md-2 v-inner-2 style-1554 style-local-3071-c12 position-relative\">\n              <!---->\n              <!---->\n              <div class=\"w-100 h-y-container h-column__content h-column__v-align flex-basis-100 align-self-lg-start align-self-md-start align-self-start\">\n                <!---->\n                <div data-colibri-id=\"3071-c13\" class=\"h-x-container style-1555 style-local-3071-c13 position-relative h-element\">\n                  <!---->\n                  <div class=\"h-x-container-inner style-dynamic-3071-c13-group style-1555-spacing style-local-3071-c13-spacing\"><span class=\"h-link__outer style-1556-outer style-local-3071-c14-outer d-inline-flex h-element\"><a h-use-smooth-scroll=\"true\" href=\"https:\/\/www.facebook.com\/share\/r\/1QgUDJRw4v\/\"  data-colibri-id=\"3071-c14\" class=\"d-flex w-100 align-items-center h-link style-1556 style-local-3071-c14 position-relative\"><!----><!----> <span>Wi\u0119cej<\/span><\/a>\n                    <\/span>\n                  <\/div>\n                <\/div>\n              <\/div>\n            <\/div>\n          <\/div>\n        <\/div>\n      <\/div>\n      <div data-colibri-id=\"3071-c3\" class=\"h-row-container gutters-row-lg-2 gutters-row-md-2 gutters-row-0 gutters-row-v-lg-2 gutters-row-v-md-2 gutters-row-v-2 style-1545 style-local-3071-c3 position-relative\">\n        <!---->\n        <div class=\"h-row justify-content-lg-center justify-content-md-center justify-content-center align-items-lg-stretch align-items-md-stretch align-items-stretch gutters-col-lg-2 gutters-col-md-2 gutters-col-0 gutters-col-v-lg-2 gutters-col-v-md-2 gutters-col-v-2\">\n          <!---->\n          <div class=\"h-column h-column-container d-flex h-col-lg-auto h-col-md-auto h-col-auto style-1546-outer style-local-3071-c4-outer\">\n            <div data-colibri-id=\"3071-c4\" class=\"d-flex h-flex-basis h-column__inner h-px-lg-2 h-px-md-2 h-px-2 v-inner-lg-2 v-inner-md-2 v-inner-2 style-1546 style-local-3071-c4 position-relative\">\n              <!---->\n              <!---->\n              <div class=\"w-100 h-y-container h-column__content h-column__v-align flex-basis-100 align-self-lg-start align-self-md-start align-self-start\">\n                <!---->\n                <div data-colibri-id=\"3071-c10\" class=\"d-block style-1552 style-local-3071-c10 position-relative h-element\">\n                  <!---->\n                  <div class=\"h-image__frame-container-outer\">\n                    <div class=\"h-image__frame-container\">\n                      <!---->\n                      <!---->\n                      <img loading=\"lazy\" decoding=\"async\" width=\"1448\" height=\"2048\" src=\"http:\/\/zespoltoon.pl\/blog\/wp-content\/uploads\/2026\/02\/cropped-626398228_1339615881540147_1352979172276512293_n-1.jpg\" class=\"wp-image-3083 style-1552-image style-local-3071-c10-image\" alt=\"\" srcset=\"http:\/\/zespoltoon.pl\/blog\/wp-content\/uploads\/2026\/02\/cropped-626398228_1339615881540147_1352979172276512293_n-1.jpg 1448w, http:\/\/zespoltoon.pl\/blog\/wp-content\/uploads\/2026\/02\/cropped-626398228_1339615881540147_1352979172276512293_n-1-212x300.jpg 212w, http:\/\/zespoltoon.pl\/blog\/wp-content\/uploads\/2026\/02\/cropped-626398228_1339615881540147_1352979172276512293_n-1-724x1024.jpg 724w, http:\/\/zespoltoon.pl\/blog\/wp-content\/uploads\/2026\/02\/cropped-626398228_1339615881540147_1352979172276512293_n-1-768x1086.jpg 768w, http:\/\/zespoltoon.pl\/blog\/wp-content\/uploads\/2026\/02\/cropped-626398228_1339615881540147_1352979172276512293_n-1-1086x1536.jpg 1086w\" sizes=\"auto, (max-width: 1448px) 100vw, 1448px\" \/>\n                      <div class=\"h-image__frame h-hide-lg h-hide-md h-hide-sm style-1552-frameImage style-local-3071-c10-frameImage\"><\/div>\n                    <\/div>\n                  <\/div>\n                <\/div>\n              <\/div>\n            <\/div>\n          <\/div>\n        <\/div>\n      <\/div>\n    <\/div>\n  <\/div>\n<\/div>","protected":false},"excerpt":{"rendered":"<p>Realizacja d\u017awi\u0119ku i techniki sceny podczas koncertu \u201eMi\u0142o\u015b\u0107 to niebo na ziemi\u201d w Gminnym O\u015brodku Kultury Sportu i Rekreacji w Paw\u0142owie 15 lutego 2026 Wi\u0119cej Wi\u0119cej<\/p>\n","protected":false},"author":1,"featured_media":0,"parent":0,"menu_order":0,"comment_status":"closed","ping_status":"closed","template":"page-templates\/full-width-page.php","meta":{"_exactmetrics_skip_tracking":false,"_exactmetrics_sitenote_active":false,"_exactmetrics_sitenote_note":"","_exactmetrics_sitenote_category":0,"footnotes":""},"class_list":["post-3071","page","type-page","status-publish","hentry"],"aioseo_notices":[],"_links":{"self":[{"href":"http:\/\/zespoltoon.pl\/blog\/wp-json\/wp\/v2\/pages\/3071","targetHints":{"allow":["GET"]}}],"collection":[{"href":"http:\/\/zespoltoon.pl\/blog\/wp-json\/wp\/v2\/pages"}],"about":[{"href":"http:\/\/zespoltoon.pl\/blog\/wp-json\/wp\/v2\/types\/page"}],"author":[{"embeddable":true,"href":"http:\/\/zespoltoon.pl\/blog\/wp-json\/wp\/v2\/users\/1"}],"replies":[{"embeddable":true,"href":"http:\/\/zespoltoon.pl\/blog\/wp-json\/wp\/v2\/comments?post=3071"}],"version-history":[{"count":3,"href":"http:\/\/zespoltoon.pl\/blog\/wp-json\/wp\/v2\/pages\/3071\/revisions"}],"predecessor-version":[{"id":3085,"href":"http:\/\/zespoltoon.pl\/blog\/wp-json\/wp\/v2\/pages\/3071\/revisions\/3085"}],"wp:attachment":[{"href":"http:\/\/zespoltoon.pl\/blog\/wp-json\/wp\/v2\/media?parent=3071"}],"curies":[{"name":"wp","href":"https:\/\/api.w.org\/{rel}","templated":true}]}}