{"id":745,"date":"2023-01-20T12:10:09","date_gmt":"2023-01-20T12:10:09","guid":{"rendered":"http:\/\/zespoltoon.pl\/blog\/?page_id=745"},"modified":"2026-01-30T12:05:24","modified_gmt":"2026-01-30T12:05:24","slug":"2016-2018","status":"publish","type":"page","link":"http:\/\/zespoltoon.pl\/blog\/2016-2018\/","title":{"rendered":"2016-2018"},"content":{"rendered":"<div data-colibri-id=\"745-c1\" class=\"style-1039 style-local-745-c1 position-relative\">\n  <!---->\n  <div data-colibri-component=\"section\" data-colibri-id=\"745-c2\" id=\"initial-content\" class=\"h-section h-section-global-spacing d-flex align-items-lg-center align-items-md-center align-items-center style-1040 style-local-745-c2 position-relative\">\n    <!---->\n    <!---->\n    <div class=\"h-section-grid-container h-section-boxed-container\">\n      <!---->\n      <div data-colibri-id=\"745-c9\" class=\"h-row-container gutters-row-lg-2 gutters-row-md-2 gutters-row-0 gutters-row-v-lg-2 gutters-row-v-md-2 gutters-row-v-2 style-1510 style-local-745-c9 position-relative\">\n        <!---->\n        <div class=\"h-row justify-content-lg-center justify-content-md-center justify-content-center align-items-lg-stretch align-items-md-stretch align-items-stretch gutters-col-lg-2 gutters-col-md-2 gutters-col-0 gutters-col-v-lg-2 gutters-col-v-md-2 gutters-col-v-2\">\n          <!---->\n          <div class=\"h-column h-column-container d-flex h-col-lg-auto h-col-md-auto h-col-auto style-1511-outer style-local-745-c10-outer\">\n            <div data-colibri-id=\"745-c10\" class=\"d-flex h-flex-basis h-column__inner h-px-lg-2 h-px-md-2 h-px-2 v-inner-lg-2 v-inner-md-2 v-inner-2 style-1511 style-local-745-c10 position-relative\">\n              <!---->\n              <!---->\n              <div class=\"w-100 h-y-container h-column__content h-column__v-align flex-basis-100 align-self-lg-start align-self-md-start align-self-start\">\n                <!---->\n                <div data-colibri-id=\"745-c11\" class=\"h-global-transition-all h-heading style-1512 style-local-745-c11 position-relative h-element\">\n                  <!---->\n                  <div class=\"h-heading__outer style-1512 style-local-745-c11\">\n                    <!---->\n                    <!---->\n                    <h1 class=\"\">Koncerty w latach 2016-2018<\/h1>\n                  <\/div>\n                <\/div>\n              <\/div>\n            <\/div>\n          <\/div>\n        <\/div>\n      <\/div>\n      <div data-colibri-id=\"745-c6\" class=\"h-row-container gutters-row-lg-2 gutters-row-md-2 gutters-row-0 gutters-row-v-lg-2 gutters-row-v-md-2 gutters-row-v-2 style-1507 style-local-745-c6 position-relative\">\n        <!---->\n        <div class=\"h-row justify-content-lg-center justify-content-md-center justify-content-center align-items-lg-stretch align-items-md-stretch align-items-stretch gutters-col-lg-2 gutters-col-md-2 gutters-col-0 gutters-col-v-lg-2 gutters-col-v-md-2 gutters-col-v-2\">\n          <!---->\n          <div class=\"h-column h-column-container d-flex h-col-lg-auto h-col-md-auto h-col-auto style-1508-outer style-local-745-c7-outer\">\n            <div data-colibri-id=\"745-c7\" class=\"d-flex h-flex-basis h-column__inner h-px-lg-2 h-px-md-2 h-px-2 v-inner-lg-2 v-inner-md-2 v-inner-2 style-1508 style-local-745-c7 position-relative\">\n              <!---->\n              <!---->\n              <div class=\"w-100 h-y-container h-column__content h-column__v-align flex-basis-100 align-self-lg-start align-self-md-start align-self-start\">\n                <!---->\n                <div data-colibri-id=\"745-c8\" class=\"h-text h-text-component style-1509 style-local-745-c8 position-relative h-element\">\n                  <!---->\n                  <!---->\n                  <div class=\"\">\n                    <p>30 maja 2016&nbsp;\u2013 Rynek Kielce \u2013 Uwielbienie \u201eMam Alibi\u201d<\/p>\n                    <p>11 czerwca 2017&nbsp;\u2013 Rynek Kielce \u2013 Uwielbienie \u201eNiech si\u0119 stanie\u201d<\/p>\n                    <p>2 grudnia 2017&nbsp;\u2013 Kielce \u2013 Bazylika Katedralna&nbsp;<\/p>\n                    <p>28 stycznia 2018&nbsp;\u2013 Kielce \u2013&nbsp;Ko\u015bci\u00f3\u0142 Garnizonowy<\/p>\n                    <p>24 lutego 2018&nbsp;\u2013 Kielce \u2013 Ko\u015bci\u00f3\u0142 \u015bw. Wojciecha<\/p>\n                    <p>25 marca 2018&nbsp;\u2013 Kielce \u2013 Ko\u015bci\u00f3\u0142 \u015bw. Maksymiliana<\/p>\n                    <p>28 kwietnia 2018&nbsp;\u2013 Kielce \u2013 Ko\u015bci\u00f3\u0142 \u015bw. J\u00f3zefa Robotnika<\/p>\n                    <p>27 maja 2018&nbsp;\u2013 Rynek Kielce \u2013 Uwielbienie \u201eto ON\u201d<\/p>\n                    <p>29 lipca 2018&nbsp;\u2013 Kadzielnia Kielce \u2013 Alleluja czyli HappyDay<\/p>\n                    <p>20 pa\u017adziernika 2018&nbsp;\u2013 Kielce \u2013 Ko\u015bci\u00f3\u0142 Akademicki<\/p>\n                    <p>17 listopada 2018&nbsp;\u2013 Kielce \u2013 Ko\u015bci\u00f3\u0142 \u015bw. Stanis\u0142awa<\/p>\n                  <\/div>\n                <\/div>\n              <\/div>\n            <\/div>\n          <\/div>\n        <\/div>\n      <\/div>\n    <\/div>\n  <\/div>\n<\/div>","protected":false},"excerpt":{"rendered":"<p>Koncerty w latach 2016-2018 30 maja 2016&nbsp;\u2013 Rynek Kielce \u2013 Uwielbienie \u201eMam Alibi\u201d 11 czerwca 2017&nbsp;\u2013 Rynek Kielce \u2013 Uwielbienie \u201eNiech si\u0119 stanie\u201d 2 grudnia 2017&nbsp;\u2013 Kielce \u2013 Bazylika Katedralna&nbsp; 28 stycznia 2018&nbsp;\u2013 Kielce \u2013&nbsp;Ko\u015bci\u00f3\u0142 Garnizonowy 24 lutego 2018&nbsp;\u2013 Kielce \u2013 Ko\u015bci\u00f3\u0142 \u015bw. Wojciecha 25 marca 2018&nbsp;\u2013 Kielce \u2013 Ko\u015bci\u00f3\u0142 \u015bw. Maksymiliana 28 kwietnia 2018&nbsp;\u2013 [&hellip;]<\/p>\n","protected":false},"author":1,"featured_media":0,"parent":0,"menu_order":0,"comment_status":"closed","ping_status":"closed","template":"page-templates\/full-width-page.php","meta":{"_exactmetrics_skip_tracking":false,"_exactmetrics_sitenote_active":false,"_exactmetrics_sitenote_note":"","_exactmetrics_sitenote_category":0,"footnotes":""},"class_list":["post-745","page","type-page","status-publish","hentry"],"aioseo_notices":[],"_links":{"self":[{"href":"http:\/\/zespoltoon.pl\/blog\/wp-json\/wp\/v2\/pages\/745","targetHints":{"allow":["GET"]}}],"collection":[{"href":"http:\/\/zespoltoon.pl\/blog\/wp-json\/wp\/v2\/pages"}],"about":[{"href":"http:\/\/zespoltoon.pl\/blog\/wp-json\/wp\/v2\/types\/page"}],"author":[{"embeddable":true,"href":"http:\/\/zespoltoon.pl\/blog\/wp-json\/wp\/v2\/users\/1"}],"replies":[{"embeddable":true,"href":"http:\/\/zespoltoon.pl\/blog\/wp-json\/wp\/v2\/comments?post=745"}],"version-history":[{"count":6,"href":"http:\/\/zespoltoon.pl\/blog\/wp-json\/wp\/v2\/pages\/745\/revisions"}],"predecessor-version":[{"id":2996,"href":"http:\/\/zespoltoon.pl\/blog\/wp-json\/wp\/v2\/pages\/745\/revisions\/2996"}],"wp:attachment":[{"href":"http:\/\/zespoltoon.pl\/blog\/wp-json\/wp\/v2\/media?parent=745"}],"curies":[{"name":"wp","href":"https:\/\/api.w.org\/{rel}","templated":true}]}}