{"id":747,"date":"2023-01-20T12:10:59","date_gmt":"2023-01-20T12:10:59","guid":{"rendered":"http:\/\/zespoltoon.pl\/blog\/?page_id=747"},"modified":"2026-01-30T12:01:18","modified_gmt":"2026-01-30T12:01:18","slug":"2019-2","status":"publish","type":"page","link":"http:\/\/zespoltoon.pl\/blog\/2019-2\/","title":{"rendered":"2019"},"content":{"rendered":"<div data-colibri-id=\"747-c1\" class=\"style-1498 style-local-747-c1 position-relative\">\n  <!---->\n  <div data-colibri-component=\"section\" data-colibri-id=\"747-c2\" id=\"initial-content\" class=\"h-section h-section-global-spacing d-flex align-items-lg-center align-items-md-center align-items-center style-1499 style-local-747-c2 position-relative\">\n    <!---->\n    <!---->\n    <div class=\"h-section-grid-container h-section-boxed-container\">\n      <!---->\n      <div data-colibri-id=\"747-c7\" class=\"h-row-container gutters-row-lg-2 gutters-row-md-2 gutters-row-0 gutters-row-v-lg-2 gutters-row-v-md-2 gutters-row-v-2 style-1504 style-local-747-c7 position-relative\">\n        <!---->\n        <div class=\"h-row justify-content-lg-center justify-content-md-center justify-content-center align-items-lg-stretch align-items-md-stretch align-items-stretch gutters-col-lg-2 gutters-col-md-2 gutters-col-0 gutters-col-v-lg-2 gutters-col-v-md-2 gutters-col-v-2\">\n          <!---->\n          <div class=\"h-column h-column-container d-flex h-col-lg-auto h-col-md-auto h-col-auto style-1505-outer style-local-747-c8-outer\">\n            <div data-colibri-id=\"747-c8\" class=\"d-flex h-flex-basis h-column__inner h-px-lg-2 h-px-md-2 h-px-2 v-inner-lg-2 v-inner-md-2 v-inner-2 style-1505 style-local-747-c8 position-relative\">\n              <!---->\n              <!---->\n              <div class=\"w-100 h-y-container h-column__content h-column__v-align flex-basis-100 align-self-lg-start align-self-md-start align-self-start\">\n                <!---->\n                <div data-colibri-id=\"747-c9\" class=\"h-global-transition-all h-heading style-1506 style-local-747-c9 position-relative h-element\">\n                  <!---->\n                  <div class=\"h-heading__outer style-1506 style-local-747-c9\">\n                    <!---->\n                    <!---->\n                    <h1 class=\"\">Koncerty w roku 2019<\/h1>\n                  <\/div>\n                <\/div>\n              <\/div>\n            <\/div>\n          <\/div>\n        <\/div>\n      <\/div>\n      <div data-colibri-id=\"747-c3\" class=\"h-row-container gutters-row-lg-2 gutters-row-md-2 gutters-row-0 gutters-row-v-lg-2 gutters-row-v-md-2 gutters-row-v-2 style-1500 style-local-747-c3 position-relative\">\n        <!---->\n        <div class=\"h-row justify-content-lg-center justify-content-md-center justify-content-center align-items-lg-stretch align-items-md-stretch align-items-stretch gutters-col-lg-2 gutters-col-md-2 gutters-col-0 gutters-col-v-lg-2 gutters-col-v-md-2 gutters-col-v-2\">\n          <!---->\n          <div class=\"h-column h-column-container d-flex h-col-lg-auto h-col-md-auto h-col-auto style-1501-outer style-local-747-c4-outer\">\n            <div data-colibri-id=\"747-c4\" class=\"d-flex h-flex-basis h-column__inner h-px-lg-2 h-px-md-2 h-px-2 v-inner-lg-2 v-inner-md-2 v-inner-2 style-1501 style-local-747-c4 position-relative\">\n              <!---->\n              <!---->\n              <div class=\"w-100 h-y-container h-column__content h-column__v-align flex-basis-100 align-self-lg-start align-self-md-start align-self-start\">\n                <!---->\n                <div data-colibri-id=\"747-c6\" class=\"h-text h-text-component style-1503 style-local-747-c6 position-relative h-element\">\n                  <!---->\n                  <!---->\n                  <div class=\"\">\n                    <p>26 stycznia 2019&nbsp;\u2013 Targi Kielce \u2013 \u015awiatowe Dni M\u0142odzie\u017cy<\/p>\n                    <p>23 lutego 2019&nbsp;\u2013 Kielce \u2013 Ko\u015bci\u00f3\u0142 \u015bw. Jana Chrzciciela<\/p>\n                    <p>30 marca 2019&nbsp;\u2013 Ma\u0142ogoszcz<\/p>\n                    <p>26 maja 2019&nbsp;\u2013 Rynek Kielce \u2013 Uwielbienie \u201eOd wiek\u00f3w na wieki\u201d<\/p>\n                    <p>16 czerwca 2019&nbsp;\u2013 Wi\u015blica Dzie\u0144 M\u0142odzie\u017cy<\/p>\n                    <p>28 lipca 2019&nbsp;\u2013 Amfiteatr Kadzielnia w Kielcach \u2013 Alleluja czyli HappyDay<\/p>\n                    <p>15 grudnia 2019&nbsp;\u2013 Wolb\u00f3rz \u2013 Jarmark \u015awi\u0105teczny<\/p>\n                    <p>19 pa\u017adziernika 2019&nbsp;\u2013 Kuczk\u00f3w (akustycznie)<\/p>\n                    <p>16 listopada 2019&nbsp;\u2013 Daleszyce (akustycznie)<\/p>\n                  <\/div>\n                <\/div>\n              <\/div>\n            <\/div>\n          <\/div>\n        <\/div>\n      <\/div>\n    <\/div>\n  <\/div>\n<\/div>","protected":false},"excerpt":{"rendered":"<p>Koncerty w roku 2019 26 stycznia 2019&nbsp;\u2013 Targi Kielce \u2013 \u015awiatowe Dni M\u0142odzie\u017cy 23 lutego 2019&nbsp;\u2013 Kielce \u2013 Ko\u015bci\u00f3\u0142 \u015bw. Jana Chrzciciela 30 marca 2019&nbsp;\u2013 Ma\u0142ogoszcz 26 maja 2019&nbsp;\u2013 Rynek Kielce \u2013 Uwielbienie \u201eOd wiek\u00f3w na wieki\u201d 16 czerwca 2019&nbsp;\u2013 Wi\u015blica Dzie\u0144 M\u0142odzie\u017cy 28 lipca 2019&nbsp;\u2013 Amfiteatr Kadzielnia w Kielcach \u2013 Alleluja czyli HappyDay 15 [&hellip;]<\/p>\n","protected":false},"author":1,"featured_media":0,"parent":0,"menu_order":0,"comment_status":"closed","ping_status":"closed","template":"page-templates\/full-width-page.php","meta":{"_exactmetrics_skip_tracking":false,"_exactmetrics_sitenote_active":false,"_exactmetrics_sitenote_note":"","_exactmetrics_sitenote_category":0,"footnotes":""},"class_list":["post-747","page","type-page","status-publish","hentry"],"aioseo_notices":[],"_links":{"self":[{"href":"http:\/\/zespoltoon.pl\/blog\/wp-json\/wp\/v2\/pages\/747","targetHints":{"allow":["GET"]}}],"collection":[{"href":"http:\/\/zespoltoon.pl\/blog\/wp-json\/wp\/v2\/pages"}],"about":[{"href":"http:\/\/zespoltoon.pl\/blog\/wp-json\/wp\/v2\/types\/page"}],"author":[{"embeddable":true,"href":"http:\/\/zespoltoon.pl\/blog\/wp-json\/wp\/v2\/users\/1"}],"replies":[{"embeddable":true,"href":"http:\/\/zespoltoon.pl\/blog\/wp-json\/wp\/v2\/comments?post=747"}],"version-history":[{"count":2,"href":"http:\/\/zespoltoon.pl\/blog\/wp-json\/wp\/v2\/pages\/747\/revisions"}],"predecessor-version":[{"id":2989,"href":"http:\/\/zespoltoon.pl\/blog\/wp-json\/wp\/v2\/pages\/747\/revisions\/2989"}],"wp:attachment":[{"href":"http:\/\/zespoltoon.pl\/blog\/wp-json\/wp\/v2\/media?parent=747"}],"curies":[{"name":"wp","href":"https:\/\/api.w.org\/{rel}","templated":true}]}}